{"id":8638,"date":"2025-08-04T14:26:24","date_gmt":"2025-08-04T11:26:24","guid":{"rendered":"https:\/\/protego.md\/?post_type=product&#038;p=8638"},"modified":"2025-08-04T14:29:41","modified_gmt":"2025-08-04T11:29:41","slug":"perchatki-rabochie-lab-zone-korobka-100-sht","status":"publish","type":"product","link":"https:\/\/protego.md\/ro\/product\/perchatki-rabochie-lab-zone-korobka-100-sht\/","title":{"rendered":"Manusi de protectie LAB ZONE (Cutie 100 buc.)"},"content":{"rendered":"","protected":false},"excerpt":{"rendered":"<p>M\u0103nu\u0219\u0103 de unic\u0103 folosin\u021b\u0103 din latex, AQL 1.5<br \/>\nGreutate 5 grame<br \/>\nLungime 240 mm<br \/>\nFinisaj: clorurat<br \/>\nDegete texturate<br \/>\nMargini rotunjite<\/p>\n<p>Pachet de 100 de buc\u0103\u021bi.<\/p>\n<p>Latexul natural ofer\u0103 utilizatorului o senza\u021bie confortabil\u0103 \u0219i durabil\u0103, \u00een timp ce degetele texturate asigur\u0103 o aderen\u021b\u0103 excelent\u0103.<\/p>\n","protected":false},"featured_media":8639,"template":"","meta":[],"product_brand":[],"product_cat":[100,78],"product_tag":[],"class_list":{"0":"post-8638","1":"product","2":"type-product","3":"status-publish","4":"has-post-thumbnail","6":"product_cat-arm-protection","7":"product_cat-individual-protect","9":"first","10":"instock","11":"shipping-taxable","12":"purchasable","13":"product-type-simple"},"acf":[],"aioseo_notices":[],"_links":{"self":[{"href":"https:\/\/protego.md\/ro\/wp-json\/wp\/v2\/product\/8638","targetHints":{"allow":["GET"]}}],"collection":[{"href":"https:\/\/protego.md\/ro\/wp-json\/wp\/v2\/product"}],"about":[{"href":"https:\/\/protego.md\/ro\/wp-json\/wp\/v2\/types\/product"}],"wp:featuredmedia":[{"embeddable":true,"href":"https:\/\/protego.md\/ro\/wp-json\/wp\/v2\/media\/8639"}],"wp:attachment":[{"href":"https:\/\/protego.md\/ro\/wp-json\/wp\/v2\/media?parent=8638"}],"wp:term":[{"taxonomy":"product_brand","embeddable":true,"href":"https:\/\/protego.md\/ro\/wp-json\/wp\/v2\/product_brand?post=8638"},{"taxonomy":"product_cat","embeddable":true,"href":"https:\/\/protego.md\/ro\/wp-json\/wp\/v2\/product_cat?post=8638"},{"taxonomy":"product_tag","embeddable":true,"href":"https:\/\/protego.md\/ro\/wp-json\/wp\/v2\/product_tag?post=8638"}],"curies":[{"name":"wp","href":"https:\/\/api.w.org\/{rel}","templated":true}]}}