{"id":8636,"date":"2025-08-04T14:22:55","date_gmt":"2025-08-04T11:22:55","guid":{"rendered":"https:\/\/protego.md\/?post_type=product&#038;p=8636"},"modified":"2025-08-04T14:25:38","modified_gmt":"2025-08-04T11:25:38","slug":"perchatki-rabochie-duran","status":"publish","type":"product","link":"https:\/\/protego.md\/ro\/product\/perchatki-rabochie-duran\/","title":{"rendered":"Manusi de protectie DURAN"},"content":{"rendered":"","protected":false},"excerpt":{"rendered":"<p>M\u0103nu\u0219i din nailon<br \/>\n\u00cenveli\u0219: nitril microporos<br \/>\nCalibru: 21 G<\/p>\n<p>&#8211; Aderen\u021b\u0103 \u0219i sensibilitate excelente<br \/>\n&#8211; Rezisten\u021b\u0103 mecanic\u0103 bun\u0103<br \/>\n&#8211; Potrivite \u0219i pentru cantit\u0103\u021bi moderate de ulei \u0219i gr\u0103sime<br \/>\n&#8211; Potrivite pentru utilizarea dispozitivelor electronice echipate cu ecran tactil<\/p>\n","protected":false},"featured_media":8637,"template":"","meta":[],"product_brand":[],"product_cat":[100,78],"product_tag":[],"class_list":{"0":"post-8636","1":"product","2":"type-product","3":"status-publish","4":"has-post-thumbnail","6":"product_cat-arm-protection","7":"product_cat-individual-protect","9":"first","10":"instock","11":"shipping-taxable","12":"purchasable","13":"product-type-simple"},"acf":[],"aioseo_notices":[],"_links":{"self":[{"href":"https:\/\/protego.md\/ro\/wp-json\/wp\/v2\/product\/8636","targetHints":{"allow":["GET"]}}],"collection":[{"href":"https:\/\/protego.md\/ro\/wp-json\/wp\/v2\/product"}],"about":[{"href":"https:\/\/protego.md\/ro\/wp-json\/wp\/v2\/types\/product"}],"wp:featuredmedia":[{"embeddable":true,"href":"https:\/\/protego.md\/ro\/wp-json\/wp\/v2\/media\/8637"}],"wp:attachment":[{"href":"https:\/\/protego.md\/ro\/wp-json\/wp\/v2\/media?parent=8636"}],"wp:term":[{"taxonomy":"product_brand","embeddable":true,"href":"https:\/\/protego.md\/ro\/wp-json\/wp\/v2\/product_brand?post=8636"},{"taxonomy":"product_cat","embeddable":true,"href":"https:\/\/protego.md\/ro\/wp-json\/wp\/v2\/product_cat?post=8636"},{"taxonomy":"product_tag","embeddable":true,"href":"https:\/\/protego.md\/ro\/wp-json\/wp\/v2\/product_tag?post=8636"}],"curies":[{"name":"wp","href":"https:\/\/api.w.org\/{rel}","templated":true}]}}