{"id":8618,"date":"2025-07-14T11:34:25","date_gmt":"2025-07-14T08:34:25","guid":{"rendered":"https:\/\/protego.md\/?post_type=product&#038;p=8618"},"modified":"2025-08-04T14:22:47","modified_gmt":"2025-08-04T11:22:47","slug":"perchatki-rabochie-kobe-sir","status":"publish","type":"product","link":"https:\/\/protego.md\/ro\/product\/perchatki-rabochie-kobe-sir\/","title":{"rendered":"Manusi de protectie KOBE SIR"},"content":{"rendered":"","protected":false},"excerpt":{"rendered":"<p>M\u0103nu\u0219i din nailon \u0219i fibr\u0103 para-aramid\u0103<br \/>\n\u00cenveli\u0219: Poliuretan<br \/>\nCalibru: 13 G<br \/>\n&#8211; Aderen\u021b\u0103 \u0219i sensibilitate excelente<br \/>\n&#8211; Rezisten\u021b\u0103 mecanic\u0103 bun\u0103<br \/>\n&#8211; Potrivite \u0219i pentru cantit\u0103\u021bi moderate de ulei \u0219i gr\u0103sime<br \/>\n&#8211; Rezisten\u021b\u0103 excelent\u0103 la c\u0103ldur\u0103<br \/>\nProdusul a fost proiectat \u0219i fabricat \u00een conformitate cu Regulamentul (UE) 2016\/425, cu modific\u0103rile ulterioare.<\/p>\n","protected":false},"featured_media":8619,"template":"","meta":[],"product_brand":[],"product_cat":[100,78],"product_tag":[],"class_list":{"0":"post-8618","1":"product","2":"type-product","3":"status-publish","4":"has-post-thumbnail","6":"product_cat-arm-protection","7":"product_cat-individual-protect","9":"first","10":"instock","11":"shipping-taxable","12":"purchasable","13":"product-type-simple"},"acf":[],"aioseo_notices":[],"_links":{"self":[{"href":"https:\/\/protego.md\/ro\/wp-json\/wp\/v2\/product\/8618","targetHints":{"allow":["GET"]}}],"collection":[{"href":"https:\/\/protego.md\/ro\/wp-json\/wp\/v2\/product"}],"about":[{"href":"https:\/\/protego.md\/ro\/wp-json\/wp\/v2\/types\/product"}],"wp:featuredmedia":[{"embeddable":true,"href":"https:\/\/protego.md\/ro\/wp-json\/wp\/v2\/media\/8619"}],"wp:attachment":[{"href":"https:\/\/protego.md\/ro\/wp-json\/wp\/v2\/media?parent=8618"}],"wp:term":[{"taxonomy":"product_brand","embeddable":true,"href":"https:\/\/protego.md\/ro\/wp-json\/wp\/v2\/product_brand?post=8618"},{"taxonomy":"product_cat","embeddable":true,"href":"https:\/\/protego.md\/ro\/wp-json\/wp\/v2\/product_cat?post=8618"},{"taxonomy":"product_tag","embeddable":true,"href":"https:\/\/protego.md\/ro\/wp-json\/wp\/v2\/product_tag?post=8618"}],"curies":[{"name":"wp","href":"https:\/\/api.w.org\/{rel}","templated":true}]}}