{"id":8616,"date":"2025-07-14T11:30:24","date_gmt":"2025-07-14T08:30:24","guid":{"rendered":"https:\/\/protego.md\/?post_type=product&#038;p=8616"},"modified":"2025-08-18T11:08:14","modified_gmt":"2025-08-18T08:08:14","slug":"perchatki-kozhannye-cirpo-sir","status":"publish","type":"product","link":"https:\/\/protego.md\/ro\/product\/perchatki-kozhannye-cirpo-sir\/","title":{"rendered":"Manusi din piele  CIRPO SIR"},"content":{"rendered":"","protected":false},"excerpt":{"rendered":"<p>M\u0103nu\u0219\u0103 confec\u021bionat\u0103 din piele de vac\u0103 cu aspect de bob.<br \/>\nPartea din spate: piele cu aspect de bob cu elastic.<br \/>\nMan\u0219et\u0103: tip driver.<br \/>\n&#8211; Pielea cu aspect de bob ofer\u0103 o rezisten\u021b\u0103 mecanic\u0103 excelent\u0103.<br \/>\n&#8211; Rezisten\u021b\u0103 ridicat\u0103 la rupere, abraziune \u0219i perforare.<br \/>\n&#8211; Performan\u021b\u0103 bun\u0103 de respirabilitate.<br \/>\n&#8211; Asigur\u0103 o izola\u021bie termic\u0103 excelent\u0103.<br \/>\n&#8211; Moliciunea pielii noastre de \u00eenalt\u0103 calitate asigur\u0103 un nivel ridicat de confort \u00een timpul utiliz\u0103rii.<br \/>\nProdusul a fost proiectat \u0219i fabricat \u00een conformitate cu Regulamentul (UE) 2016\/425 \u0219i modific\u0103rile ulterioare.<\/p>\n","protected":false},"featured_media":8767,"template":"","meta":[],"product_brand":[],"product_cat":[100,78],"product_tag":[],"class_list":{"0":"post-8616","1":"product","2":"type-product","3":"status-publish","4":"has-post-thumbnail","6":"product_cat-arm-protection","7":"product_cat-individual-protect","9":"first","10":"instock","11":"shipping-taxable","12":"purchasable","13":"product-type-simple"},"acf":[],"aioseo_notices":[],"_links":{"self":[{"href":"https:\/\/protego.md\/ro\/wp-json\/wp\/v2\/product\/8616","targetHints":{"allow":["GET"]}}],"collection":[{"href":"https:\/\/protego.md\/ro\/wp-json\/wp\/v2\/product"}],"about":[{"href":"https:\/\/protego.md\/ro\/wp-json\/wp\/v2\/types\/product"}],"wp:featuredmedia":[{"embeddable":true,"href":"https:\/\/protego.md\/ro\/wp-json\/wp\/v2\/media\/8767"}],"wp:attachment":[{"href":"https:\/\/protego.md\/ro\/wp-json\/wp\/v2\/media?parent=8616"}],"wp:term":[{"taxonomy":"product_brand","embeddable":true,"href":"https:\/\/protego.md\/ro\/wp-json\/wp\/v2\/product_brand?post=8616"},{"taxonomy":"product_cat","embeddable":true,"href":"https:\/\/protego.md\/ro\/wp-json\/wp\/v2\/product_cat?post=8616"},{"taxonomy":"product_tag","embeddable":true,"href":"https:\/\/protego.md\/ro\/wp-json\/wp\/v2\/product_tag?post=8616"}],"curies":[{"name":"wp","href":"https:\/\/api.w.org\/{rel}","templated":true}]}}