{"id":8612,"date":"2025-07-14T11:25:24","date_gmt":"2025-07-14T08:25:24","guid":{"rendered":"https:\/\/protego.md\/?post_type=product&#038;p=8612"},"modified":"2026-02-10T10:54:47","modified_gmt":"2026-02-10T07:54:47","slug":"zhiletka-svetootrazhayushhaya-grifon-orange","status":"publish","type":"product","link":"https:\/\/protego.md\/ro\/product\/zhiletka-svetootrazhayushhaya-grifon-orange\/","title":{"rendered":"Vesta reflectorizanta Grifon orange"},"content":{"rendered":"","protected":false},"excerpt":{"rendered":"<p>Vest\u0103 de \u00eenalt\u0103 vizibilitate din 100% poliester, 120 g\/m\u00b2. Prezint\u0103 \u00eenchidere cu fermoar, buzunare tridimensionale cu clap\u0103, buzunar pentru telefon mobil \u0219i suport pentru legitima\u021bie. Band\u0103 reflectorizant\u0103 dubl\u0103 pe piept \u0219i band\u0103 reflectorizant\u0103 simpl\u0103 pe umeri.<\/p>\n<p>Produsul a fost proiectat \u0219i fabricat \u00een conformitate cu Regulamentul (UE) 2016\/425 \u0219i modific\u0103rile ulterioare.<\/p>\n<p>EN ISO 20471<br \/>\nClasa 1:<br \/>\n= 0,14 m\u00b2 material fluorescent;<br \/>\n= 0,10 m\u00b2 material reflectorizant.<\/p>\n","protected":false},"featured_media":8614,"template":"","meta":[],"product_brand":[],"product_cat":[84,232,17],"product_tag":[],"class_list":{"0":"post-8612","1":"product","2":"type-product","3":"status-publish","4":"has-post-thumbnail","6":"product_cat-winter-work-jacket-clothing","7":"product_cat-svetootrazhayushhaya-odezhda","8":"product_cat-clothing","10":"first","11":"instock","12":"shipping-taxable","13":"purchasable","14":"product-type-simple"},"acf":[],"aioseo_notices":[],"_links":{"self":[{"href":"https:\/\/protego.md\/ro\/wp-json\/wp\/v2\/product\/8612","targetHints":{"allow":["GET"]}}],"collection":[{"href":"https:\/\/protego.md\/ro\/wp-json\/wp\/v2\/product"}],"about":[{"href":"https:\/\/protego.md\/ro\/wp-json\/wp\/v2\/types\/product"}],"wp:featuredmedia":[{"embeddable":true,"href":"https:\/\/protego.md\/ro\/wp-json\/wp\/v2\/media\/8614"}],"wp:attachment":[{"href":"https:\/\/protego.md\/ro\/wp-json\/wp\/v2\/media?parent=8612"}],"wp:term":[{"taxonomy":"product_brand","embeddable":true,"href":"https:\/\/protego.md\/ro\/wp-json\/wp\/v2\/product_brand?post=8612"},{"taxonomy":"product_cat","embeddable":true,"href":"https:\/\/protego.md\/ro\/wp-json\/wp\/v2\/product_cat?post=8612"},{"taxonomy":"product_tag","embeddable":true,"href":"https:\/\/protego.md\/ro\/wp-json\/wp\/v2\/product_tag?post=8612"}],"curies":[{"name":"wp","href":"https:\/\/api.w.org\/{rel}","templated":true}]}}