{"id":8608,"date":"2025-07-14T11:23:53","date_gmt":"2025-07-14T08:23:53","guid":{"rendered":"https:\/\/protego.md\/?post_type=product&#038;p=8608"},"modified":"2025-07-14T11:23:53","modified_gmt":"2025-07-14T08:23:53","slug":"batnik-director-sir-grey","status":"publish","type":"product","link":"https:\/\/protego.md\/ro\/product\/batnik-director-sir-grey\/","title":{"rendered":"Hanorac DIRECTOR SIR GREY"},"content":{"rendered":"","protected":false},"excerpt":{"rendered":"<p>Jachet\u0103 din \u021bes\u0103tur\u0103 tricotat\u0103 de poliester 380 gr\/m\u00b2, laminat\u0103 cu fleece, cu inser\u021bii Softshell elastice \u0219i rezistente la v\u00e2nt. Prezint\u0103 \u00eenchidere central\u0103 cu fermoar, buzunare laterale cu fermoar, baz\u0103 \u0219i man\u0219ete cu elastic, partea din spate din \u021bes\u0103tur\u0103 Softshell elastic\u0103 \u0219i rezistent\u0103 la v\u00e2nt.<\/p>\n","protected":false},"featured_media":8609,"template":"","meta":[],"product_brand":[],"product_cat":[93,17,77],"product_tag":[],"class_list":{"0":"post-8608","1":"product","2":"type-product","3":"status-publish","4":"has-post-thumbnail","6":"product_cat-hanorac-batnik","7":"product_cat-clothing","8":"product_cat-batniki-futbolki","10":"first","11":"instock","12":"shipping-taxable","13":"purchasable","14":"product-type-simple"},"acf":[],"aioseo_notices":[],"_links":{"self":[{"href":"https:\/\/protego.md\/ro\/wp-json\/wp\/v2\/product\/8608","targetHints":{"allow":["GET"]}}],"collection":[{"href":"https:\/\/protego.md\/ro\/wp-json\/wp\/v2\/product"}],"about":[{"href":"https:\/\/protego.md\/ro\/wp-json\/wp\/v2\/types\/product"}],"wp:featuredmedia":[{"embeddable":true,"href":"https:\/\/protego.md\/ro\/wp-json\/wp\/v2\/media\/8609"}],"wp:attachment":[{"href":"https:\/\/protego.md\/ro\/wp-json\/wp\/v2\/media?parent=8608"}],"wp:term":[{"taxonomy":"product_brand","embeddable":true,"href":"https:\/\/protego.md\/ro\/wp-json\/wp\/v2\/product_brand?post=8608"},{"taxonomy":"product_cat","embeddable":true,"href":"https:\/\/protego.md\/ro\/wp-json\/wp\/v2\/product_cat?post=8608"},{"taxonomy":"product_tag","embeddable":true,"href":"https:\/\/protego.md\/ro\/wp-json\/wp\/v2\/product_tag?post=8608"}],"curies":[{"name":"wp","href":"https:\/\/api.w.org\/{rel}","templated":true}]}}