{"id":8606,"date":"2025-07-14T11:18:45","date_gmt":"2025-07-14T08:18:45","guid":{"rendered":"https:\/\/protego.md\/?post_type=product&#038;p=8606"},"modified":"2025-10-24T14:03:29","modified_gmt":"2025-10-24T11:03:29","slug":"hanorac-fighter-camouflage","status":"publish","type":"product","link":"https:\/\/protego.md\/ro\/product\/hanorac-fighter-camouflage\/","title":{"rendered":"Hanorac Fighter Camouflage"},"content":{"rendered":"","protected":false},"excerpt":{"rendered":"<p>Hanorac tehnic realizat din 550 g\/m\u00b2 100% poliester \u0219i inser\u021bii Softshell.<br \/>\nDispun\u00e2nd de o \u00eenchidere central\u0103 cu fermoar, cu interior rezistent la v\u00e2nt \u0219i anti-\u00eencurcare<br \/>\nclap\u0103, buzunar la piept cu fermoar din material Softshell, dou\u0103 buzunare laterale cu<br \/>\ninchidere cu fermoar anti-incurcare si guler captusit cu lana. Interiorul jachetei este izolat cu blan\u0103 artificial\u0103 de fleece. Inser\u021bii reflexe pentru<br \/>\nvizibilitate \u00eembun\u0103t\u0103\u021bit\u0103 \u00een condi\u021bii de lumin\u0103 sc\u0103zut\u0103 \u0219i m\u00e2neci preformate pt<br \/>\nmai mare libertate de mi\u0219care. Snur interior la tivul de jos.<\/p>\n","protected":false},"featured_media":8607,"template":"","meta":[],"product_brand":[],"product_cat":[237,93,84,90,17],"product_tag":[],"class_list":{"0":"post-8606","1":"product","2":"type-product","3":"status-publish","4":"has-post-thumbnail","6":"product_cat-softshell","7":"product_cat-hanorac-batnik","8":"product_cat-winter-work-jacket-clothing","9":"product_cat-winter-work-jacket","10":"product_cat-clothing","12":"first","13":"instock","14":"shipping-taxable","15":"purchasable","16":"product-type-simple"},"acf":[],"aioseo_notices":[],"_links":{"self":[{"href":"https:\/\/protego.md\/ro\/wp-json\/wp\/v2\/product\/8606","targetHints":{"allow":["GET"]}}],"collection":[{"href":"https:\/\/protego.md\/ro\/wp-json\/wp\/v2\/product"}],"about":[{"href":"https:\/\/protego.md\/ro\/wp-json\/wp\/v2\/types\/product"}],"wp:featuredmedia":[{"embeddable":true,"href":"https:\/\/protego.md\/ro\/wp-json\/wp\/v2\/media\/8607"}],"wp:attachment":[{"href":"https:\/\/protego.md\/ro\/wp-json\/wp\/v2\/media?parent=8606"}],"wp:term":[{"taxonomy":"product_brand","embeddable":true,"href":"https:\/\/protego.md\/ro\/wp-json\/wp\/v2\/product_brand?post=8606"},{"taxonomy":"product_cat","embeddable":true,"href":"https:\/\/protego.md\/ro\/wp-json\/wp\/v2\/product_cat?post=8606"},{"taxonomy":"product_tag","embeddable":true,"href":"https:\/\/protego.md\/ro\/wp-json\/wp\/v2\/product_tag?post=8606"}],"curies":[{"name":"wp","href":"https:\/\/api.w.org\/{rel}","templated":true}]}}