{"id":8604,"date":"2025-07-14T11:13:01","date_gmt":"2025-07-14T08:13:01","guid":{"rendered":"https:\/\/protego.md\/?post_type=product&#038;p=8604"},"modified":"2025-08-04T15:31:32","modified_gmt":"2025-08-04T12:31:32","slug":"bryuki-svetootrazhayushhie-mistral","status":"publish","type":"product","link":"https:\/\/protego.md\/ro\/product\/bryuki-svetootrazhayushhie-mistral\/","title":{"rendered":"Pantaloni reflectorizanti MISTRAL"},"content":{"rendered":"","protected":false},"excerpt":{"rendered":"<p>Pantaloni de \u00eenalt\u0103 vizibilitate din material Mistral, 55% bumbac \u0219i 45% poliester, greutate 245 g\/m\u00b2. Prezint\u0103 \u00eenchidere central\u0103 cu fermoar \u0219i nasture, talie elastic\u0103 la spate, dou\u0103 buzunare aplicate \u00eent\u0103rite cu deschidere lateral\u0103, buzunar func\u021bional tridimensional cu clap\u0103 \u0219i velcro \u00een st\u00e2nga, buzunar pentru rigl\u0103 \u00een dreapta, buzunar spate cu clap\u0103 \u0219i velcro. Cus\u0103turi duble \u00eembinate \u00een zonele cele mai expuse uzurii. Partea superioar\u0103 din material de \u00eenalt\u0103<br \/>\nvizibilitate, iar partea inferioar\u0103, talia \u0219i clapele buzunarelor din material non-<br \/>\nfluorescent. Benzi duble reflectorizante.<br \/>\n&#8211; Gama Mistral garanteaz\u0103 o respirabilitate excelent\u0103 datorit\u0103 procentului ridicat de bumbac.<br \/>\n&#8211; Greutate de 245 g\/m\u00b2, ideal\u0103 pentru var\u0103.<br \/>\n&#8211; Suprafa\u021ba materialului spore\u0219te capacitatea de a respinge lichidele \u0219i murd\u0103ria.<br \/>\nProdusul a fost proiectat \u0219i fabricat \u00een conformitate cu Regulamentul (UE) 2016\/425 \u0219i modific\u0103rile ulterioare.<br \/>\nEN ISO 20471<br \/>\nClasa 2:<br \/>\n= 0,50 m\u00b2 material fluorescent;<br \/>\n= 0,13 m\u00b2 material reflectorizant.<\/p>\n","protected":false},"featured_media":8605,"template":"","meta":[],"product_brand":[],"product_cat":[86,85,17],"product_tag":[],"class_list":{"0":"post-8604","1":"product","2":"type-product","3":"status-publish","4":"has-post-thumbnail","6":"product_cat-winter-work-pants-summer-clothing","7":"product_cat-winter-overalls-summer","8":"product_cat-clothing","10":"first","11":"instock","12":"shipping-taxable","13":"purchasable","14":"product-type-simple"},"acf":[],"aioseo_notices":[],"_links":{"self":[{"href":"https:\/\/protego.md\/ro\/wp-json\/wp\/v2\/product\/8604","targetHints":{"allow":["GET"]}}],"collection":[{"href":"https:\/\/protego.md\/ro\/wp-json\/wp\/v2\/product"}],"about":[{"href":"https:\/\/protego.md\/ro\/wp-json\/wp\/v2\/types\/product"}],"wp:featuredmedia":[{"embeddable":true,"href":"https:\/\/protego.md\/ro\/wp-json\/wp\/v2\/media\/8605"}],"wp:attachment":[{"href":"https:\/\/protego.md\/ro\/wp-json\/wp\/v2\/media?parent=8604"}],"wp:term":[{"taxonomy":"product_brand","embeddable":true,"href":"https:\/\/protego.md\/ro\/wp-json\/wp\/v2\/product_brand?post=8604"},{"taxonomy":"product_cat","embeddable":true,"href":"https:\/\/protego.md\/ro\/wp-json\/wp\/v2\/product_cat?post=8604"},{"taxonomy":"product_tag","embeddable":true,"href":"https:\/\/protego.md\/ro\/wp-json\/wp\/v2\/product_tag?post=8604"}],"curies":[{"name":"wp","href":"https:\/\/api.w.org\/{rel}","templated":true}]}}