{"id":8600,"date":"2025-07-14T09:50:12","date_gmt":"2025-07-14T06:50:12","guid":{"rendered":"https:\/\/protego.md\/?post_type=product&#038;p=8600"},"modified":"2025-07-14T09:52:16","modified_gmt":"2025-07-14T06:52:16","slug":"batnik-caboto-sir","status":"publish","type":"product","link":"https:\/\/protego.md\/ro\/product\/batnik-caboto-sir\/","title":{"rendered":"Hanorac CABOTO SIR"},"content":{"rendered":"","protected":false},"excerpt":{"rendered":"<p>Jachet\u0103 din material Softshell elastic, 100% poliester, umplutur\u0103 de 100 g\/m\u00b2. Cu \u00eenchidere cu fermoar vizibil, glug\u0103 cu margine din Air Mesh, dou\u0103 buzunare inferioare \u00eenchise cu fermoar, man\u0219ete, m\u00e2neci \u0219i partea de jos din Softshell elastic rezistent la uzur\u0103.<\/p>\n","protected":false},"featured_media":8601,"template":"","meta":[],"product_brand":[],"product_cat":[93,17],"product_tag":[],"class_list":{"0":"post-8600","1":"product","2":"type-product","3":"status-publish","4":"has-post-thumbnail","6":"product_cat-hanorac-batnik","7":"product_cat-clothing","9":"first","10":"instock","11":"shipping-taxable","12":"purchasable","13":"product-type-simple"},"acf":[],"aioseo_notices":[],"_links":{"self":[{"href":"https:\/\/protego.md\/ro\/wp-json\/wp\/v2\/product\/8600","targetHints":{"allow":["GET"]}}],"collection":[{"href":"https:\/\/protego.md\/ro\/wp-json\/wp\/v2\/product"}],"about":[{"href":"https:\/\/protego.md\/ro\/wp-json\/wp\/v2\/types\/product"}],"wp:featuredmedia":[{"embeddable":true,"href":"https:\/\/protego.md\/ro\/wp-json\/wp\/v2\/media\/8601"}],"wp:attachment":[{"href":"https:\/\/protego.md\/ro\/wp-json\/wp\/v2\/media?parent=8600"}],"wp:term":[{"taxonomy":"product_brand","embeddable":true,"href":"https:\/\/protego.md\/ro\/wp-json\/wp\/v2\/product_brand?post=8600"},{"taxonomy":"product_cat","embeddable":true,"href":"https:\/\/protego.md\/ro\/wp-json\/wp\/v2\/product_cat?post=8600"},{"taxonomy":"product_tag","embeddable":true,"href":"https:\/\/protego.md\/ro\/wp-json\/wp\/v2\/product_tag?post=8600"}],"curies":[{"name":"wp","href":"https:\/\/api.w.org\/{rel}","templated":true}]}}