{"id":8592,"date":"2025-07-14T09:47:00","date_gmt":"2025-07-14T06:47:00","guid":{"rendered":"https:\/\/protego.md\/?post_type=product&#038;p=8592"},"modified":"2025-07-14T09:47:00","modified_gmt":"2025-07-14T06:47:00","slug":"batnik-flisovyj-victory-white","status":"publish","type":"product","link":"https:\/\/protego.md\/ro\/product\/batnik-flisovyj-victory-white\/","title":{"rendered":"Hanorac din microfleece VICTORY WHITE"},"content":{"rendered":"","protected":false},"excerpt":{"rendered":"<p>Fleece fabric din poliester 100% foarte compact, cu 144 de fire, 230 g\/m\u00b2, guler cu \u00eenchidere prin fermoar, buzunar pe piept cu \u00eenchidere ascuns\u0103 prin fermoar \u0219i elastic \u00een talie. Margini de culori contrastante.- Materialul din fleece de \u00eenalt\u0103 calitate cu 144 de fire asigur\u0103 flexibilitate \u0219i propriet\u0103\u021bi termice.- U\u0219urin\u021b\u0103 \u0219i compacitate.<\/p>\n","protected":false},"featured_media":8594,"template":"","meta":[],"product_brand":[],"product_cat":[93,17],"product_tag":[],"class_list":{"0":"post-8592","1":"product","2":"type-product","3":"status-publish","4":"has-post-thumbnail","6":"product_cat-hanorac-batnik","7":"product_cat-clothing","9":"first","10":"instock","11":"shipping-taxable","12":"purchasable","13":"product-type-simple"},"acf":[],"aioseo_notices":[],"_links":{"self":[{"href":"https:\/\/protego.md\/ro\/wp-json\/wp\/v2\/product\/8592","targetHints":{"allow":["GET"]}}],"collection":[{"href":"https:\/\/protego.md\/ro\/wp-json\/wp\/v2\/product"}],"about":[{"href":"https:\/\/protego.md\/ro\/wp-json\/wp\/v2\/types\/product"}],"wp:featuredmedia":[{"embeddable":true,"href":"https:\/\/protego.md\/ro\/wp-json\/wp\/v2\/media\/8594"}],"wp:attachment":[{"href":"https:\/\/protego.md\/ro\/wp-json\/wp\/v2\/media?parent=8592"}],"wp:term":[{"taxonomy":"product_brand","embeddable":true,"href":"https:\/\/protego.md\/ro\/wp-json\/wp\/v2\/product_brand?post=8592"},{"taxonomy":"product_cat","embeddable":true,"href":"https:\/\/protego.md\/ro\/wp-json\/wp\/v2\/product_cat?post=8592"},{"taxonomy":"product_tag","embeddable":true,"href":"https:\/\/protego.md\/ro\/wp-json\/wp\/v2\/product_tag?post=8592"}],"curies":[{"name":"wp","href":"https:\/\/api.w.org\/{rel}","templated":true}]}}