{"id":8580,"date":"2025-07-09T15:28:28","date_gmt":"2025-07-09T12:28:28","guid":{"rendered":"https:\/\/protego.md\/?post_type=product&#038;p=8580"},"modified":"2025-07-09T15:38:11","modified_gmt":"2025-07-09T12:38:11","slug":"polukombinezon-rabochij-harrison-blue","status":"publish","type":"product","link":"https:\/\/protego.md\/ro\/product\/polukombinezon-rabochij-harrison-blue\/","title":{"rendered":"Semisalopeta HARRISON BLUE"},"content":{"rendered":"","protected":false},"excerpt":{"rendered":"<p>EN ISO 13688<\/p>\n<p>Pantaloni cu bretele 65% poliester, 35% bumbac, greutate 300 g\/m\u00b2, broken twill<br \/>\n2\/2<br \/>\n\u00cenchidere cu fermoar<br \/>\nInele D<br \/>\nDou\u0103 buzunare frontale<br \/>\nBuzunar cu bretele cu clap\u0103 \u0219i nasturi cu caps\u0103<br \/>\nBelea elastic\u0103 \u0219i nasturi laterali<br \/>\nBretele elastice reglabile<br \/>\nDou\u0103 buzunare spate din material rezistent la uzur\u0103 cu clap\u0103 \u0219i nasturi cu caps\u0103<br \/>\nBuzunare multifunc\u021bionale<br \/>\nGaici supradimensionate<br \/>\nBuzunare pentru genunchiere<\/p>\n","protected":false},"featured_media":8582,"template":"","meta":[],"product_brand":[],"product_cat":[85,17],"product_tag":[],"class_list":{"0":"post-8580","1":"product","2":"type-product","3":"status-publish","4":"has-post-thumbnail","6":"product_cat-winter-overalls-summer","7":"product_cat-clothing","9":"first","10":"instock","11":"shipping-taxable","12":"purchasable","13":"product-type-simple"},"acf":[],"aioseo_notices":[],"_links":{"self":[{"href":"https:\/\/protego.md\/ro\/wp-json\/wp\/v2\/product\/8580","targetHints":{"allow":["GET"]}}],"collection":[{"href":"https:\/\/protego.md\/ro\/wp-json\/wp\/v2\/product"}],"about":[{"href":"https:\/\/protego.md\/ro\/wp-json\/wp\/v2\/types\/product"}],"wp:featuredmedia":[{"embeddable":true,"href":"https:\/\/protego.md\/ro\/wp-json\/wp\/v2\/media\/8582"}],"wp:attachment":[{"href":"https:\/\/protego.md\/ro\/wp-json\/wp\/v2\/media?parent=8580"}],"wp:term":[{"taxonomy":"product_brand","embeddable":true,"href":"https:\/\/protego.md\/ro\/wp-json\/wp\/v2\/product_brand?post=8580"},{"taxonomy":"product_cat","embeddable":true,"href":"https:\/\/protego.md\/ro\/wp-json\/wp\/v2\/product_cat?post=8580"},{"taxonomy":"product_tag","embeddable":true,"href":"https:\/\/protego.md\/ro\/wp-json\/wp\/v2\/product_tag?post=8580"}],"curies":[{"name":"wp","href":"https:\/\/api.w.org\/{rel}","templated":true}]}}