{"id":8542,"date":"2025-07-09T15:11:33","date_gmt":"2025-07-09T12:11:33","guid":{"rendered":"https:\/\/protego.md\/?post_type=product&#038;p=8542"},"modified":"2025-07-09T15:11:33","modified_gmt":"2025-07-09T12:11:33","slug":"bryuki-rabochie-harrison-grey","status":"publish","type":"product","link":"https:\/\/protego.md\/ro\/product\/bryuki-rabochie-harrison-grey\/","title":{"rendered":"Pantaloni HARRISON Grey"},"content":{"rendered":"","protected":false},"excerpt":{"rendered":"<p>EN ISO 13688<\/p>\n<p>Pantaloni 65% poliester, 35% bumbac, greutate 300 g\/m\u00b2, Broken Twill 2\/2<br \/>\n\u00cenchidere cu fermoar \u0219i nasture<br \/>\nInele D sub curea<br \/>\nDou\u0103 buzunare frontale<br \/>\nBuzunar dublu pentru rigl\u0103 \u00een dreapta, buzunar multifunc\u021bional cu suport pentru pix<br \/>\nBuzunar multifunc\u021bional \u00een st\u00e2nga din material rezistent la uzur\u0103, plus buzunar cu fermoar<br \/>\nDou\u0103 buzunare spate din material rezistent la uzur\u0103, \u00eenchise cu clap\u0103 \u0219i caps\u0103<br \/>\nSuport pentru ciocan \u00een st\u00e2nga<br \/>\nGaice supradimensionate<br \/>\nTalie elastic\u0103 reglabil\u0103 cu sistem de tunel<br \/>\nDeschideri la genunchi \u0219i c\u0103lc\u00e2i din poliester Oxford<br \/>\nCus\u0103turi duble interblocante de \u00eenalt\u0103 rezisten\u021b\u0103 \u0219i capse de \u00eent\u0103rire<\/p>\n","protected":false},"featured_media":8543,"template":"","meta":[],"product_brand":[],"product_cat":[86,17],"product_tag":[],"class_list":{"0":"post-8542","1":"product","2":"type-product","3":"status-publish","4":"has-post-thumbnail","6":"product_cat-winter-work-pants-summer-clothing","7":"product_cat-clothing","9":"first","10":"instock","11":"shipping-taxable","12":"purchasable","13":"product-type-variable"},"acf":[],"aioseo_notices":[],"_links":{"self":[{"href":"https:\/\/protego.md\/ro\/wp-json\/wp\/v2\/product\/8542","targetHints":{"allow":["GET"]}}],"collection":[{"href":"https:\/\/protego.md\/ro\/wp-json\/wp\/v2\/product"}],"about":[{"href":"https:\/\/protego.md\/ro\/wp-json\/wp\/v2\/types\/product"}],"wp:featuredmedia":[{"embeddable":true,"href":"https:\/\/protego.md\/ro\/wp-json\/wp\/v2\/media\/8543"}],"wp:attachment":[{"href":"https:\/\/protego.md\/ro\/wp-json\/wp\/v2\/media?parent=8542"}],"wp:term":[{"taxonomy":"product_brand","embeddable":true,"href":"https:\/\/protego.md\/ro\/wp-json\/wp\/v2\/product_brand?post=8542"},{"taxonomy":"product_cat","embeddable":true,"href":"https:\/\/protego.md\/ro\/wp-json\/wp\/v2\/product_cat?post=8542"},{"taxonomy":"product_tag","embeddable":true,"href":"https:\/\/protego.md\/ro\/wp-json\/wp\/v2\/product_tag?post=8542"}],"curies":[{"name":"wp","href":"https:\/\/api.w.org\/{rel}","templated":true}]}}