{"id":8469,"date":"2025-07-09T12:20:12","date_gmt":"2025-07-09T09:20:12","guid":{"rendered":"https:\/\/protego.md\/?post_type=product&#038;p=8469"},"modified":"2025-07-09T12:24:00","modified_gmt":"2025-07-09T09:24:00","slug":"polubotinki-zashhitnye-malibu-cps-sir-safety","status":"publish","type":"product","link":"https:\/\/protego.md\/ro\/product\/polubotinki-zashhitnye-malibu-cps-sir-safety\/","title":{"rendered":"Pantofi de protectie MALIBU CPS SIR SAFETY"},"content":{"rendered":"","protected":false},"excerpt":{"rendered":"<p>EN ISO 20345 S1PS FO LG SR; EN 61340<br \/>\nPantofi de protectie F\u0102R\u0102 elemente metalice METAL<br \/>\nPARTEA SUPERIOAR\u0102: Piele \u00eentoars\u0103<br \/>\nC\u0102PTU\u0218EAL\u0102: Poliester, special conceput\u0103 pentru a permite ventila\u021bia piciorului prin reducerea efectului de transpira\u021bie.<br \/>\nV\u00c2RF: Fibr\u0103 de sticl\u0103.<br \/>\nBRAN\u021a: Material EVA multiperforat cu propriet\u0103\u021bi anti-\u0219oc, cu grosime variabil\u0103: 3 mm \u00een fa\u021b\u0103 \u0219i 10 mm \u00een zona c\u0103lc\u00e2iului. Antistatic.<br \/>\nANTIPERFORA\u021aIE: Talp\u0103 intermediar\u0103 compozit\u0103.<br \/>\nTALP\u0102: PU\/PU. Datorit\u0103 modelului special al benzii de rulare \u0219i numeroaselor canale,<br \/>\ngaranteaz\u0103 un efect de drenaj ridicat \u0219i se caracterizeaz\u0103 printr-o flexibilitate ridicat\u0103.<br \/>\nCrachetele laterale maximizeaz\u0103 trac\u021biunea pe teren neuniform, \u00een timp ce<br \/>\ncele din zona c\u0103lc\u00e2iului ajut\u0103 la stabilizarea c\u0103lc\u00e2iului. Zona t\u0103lpii intermediare, cu<br \/>\ncaneluri, este conceput\u0103 pentru a \u00eembun\u0103t\u0103\u021bi aderen\u021ba pe sc\u0103ri.<\/p>\n","protected":false},"featured_media":8470,"template":"","meta":[],"product_brand":[],"product_cat":[75,97],"product_tag":[],"class_list":{"0":"post-8469","1":"product","2":"type-product","3":"status-publish","4":"has-post-thumbnail","6":"product_cat-footwear","7":"product_cat-summer-shoes","9":"first","10":"instock","11":"shipping-taxable","12":"purchasable","13":"product-type-simple"},"acf":[],"aioseo_notices":[],"_links":{"self":[{"href":"https:\/\/protego.md\/ro\/wp-json\/wp\/v2\/product\/8469","targetHints":{"allow":["GET"]}}],"collection":[{"href":"https:\/\/protego.md\/ro\/wp-json\/wp\/v2\/product"}],"about":[{"href":"https:\/\/protego.md\/ro\/wp-json\/wp\/v2\/types\/product"}],"wp:featuredmedia":[{"embeddable":true,"href":"https:\/\/protego.md\/ro\/wp-json\/wp\/v2\/media\/8470"}],"wp:attachment":[{"href":"https:\/\/protego.md\/ro\/wp-json\/wp\/v2\/media?parent=8469"}],"wp:term":[{"taxonomy":"product_brand","embeddable":true,"href":"https:\/\/protego.md\/ro\/wp-json\/wp\/v2\/product_brand?post=8469"},{"taxonomy":"product_cat","embeddable":true,"href":"https:\/\/protego.md\/ro\/wp-json\/wp\/v2\/product_cat?post=8469"},{"taxonomy":"product_tag","embeddable":true,"href":"https:\/\/protego.md\/ro\/wp-json\/wp\/v2\/product_tag?post=8469"}],"curies":[{"name":"wp","href":"https:\/\/api.w.org\/{rel}","templated":true}]}}