{"id":8466,"date":"2025-07-09T12:10:26","date_gmt":"2025-07-09T09:10:26","guid":{"rendered":"https:\/\/protego.md\/?post_type=product&#038;p=8466"},"modified":"2025-07-09T12:15:41","modified_gmt":"2025-07-09T09:15:41","slug":"botinki-zashhitnye-winter-fenice-sir-safety","status":"publish","type":"product","link":"https:\/\/protego.md\/ro\/product\/botinki-zashhitnye-winter-fenice-sir-safety\/","title":{"rendered":"Bocanci de protectie WINTER FENICE SIR SAFETY"},"content":{"rendered":"","protected":false},"excerpt":{"rendered":"<p>EN ISO 20345 S3S CI FO LG SR<br \/>\nPapuci p\u00e2n\u0103 la glezn\u0103 cu sistem de eliberare rapid\u0103<br \/>\nPARTEA SUPERIOAR\u0102: Piele imprimat\u0103.<br \/>\nC\u0102PTU\u0218EAL\u0102: Blan\u0103 ecologic\u0103.<br \/>\nV\u00c2RF: Fibr\u0103 de sticl\u0103<br \/>\nBRAN\u021a: Material EVA multiperforat cu propriet\u0103\u021bi anti\u0219oc, cu grosime variabil\u0103: 3 mm \u00een fa\u021b\u0103 \u0219i 10 mm \u00een zona c\u0103lc\u00e2iului. Antistatic.<br \/>\nANTIPERFORA\u021aIE: Compozit.<br \/>\nTALP\u0102: PU\/PU. Datorit\u0103 modelului special al benzii de rulare \u0219i numeroaselor canale,<br \/>\ngaranteaz\u0103 un efect de drenaj ridicat \u0219i se caracterizeaz\u0103 printr-o flexibilitate ridicat\u0103.<br \/>\nCremele laterale ajut\u0103 la maximizarea trac\u021biunii pe teren neuniform,<br \/>\n\u00een timp ce cele din zona c\u0103lc\u00e2iului ajut\u0103 la stabilizarea c\u0103lc\u00e2iului. Zona t\u0103lpii intermediare,<br \/>\ncu caneluri, este conceput\u0103 pentru a \u00eembun\u0103t\u0103\u021bi aderen\u021ba pe sc\u0103ri.<\/p>\n","protected":false},"featured_media":8465,"template":"","meta":[],"product_brand":[],"product_cat":[98,75],"product_tag":[],"class_list":{"0":"post-8466","1":"product","2":"type-product","3":"status-publish","4":"has-post-thumbnail","6":"product_cat-winter-shoes","7":"product_cat-footwear","9":"first","10":"instock","11":"shipping-taxable","12":"purchasable","13":"product-type-simple"},"acf":[],"aioseo_notices":[],"_links":{"self":[{"href":"https:\/\/protego.md\/ro\/wp-json\/wp\/v2\/product\/8466","targetHints":{"allow":["GET"]}}],"collection":[{"href":"https:\/\/protego.md\/ro\/wp-json\/wp\/v2\/product"}],"about":[{"href":"https:\/\/protego.md\/ro\/wp-json\/wp\/v2\/types\/product"}],"wp:featuredmedia":[{"embeddable":true,"href":"https:\/\/protego.md\/ro\/wp-json\/wp\/v2\/media\/8465"}],"wp:attachment":[{"href":"https:\/\/protego.md\/ro\/wp-json\/wp\/v2\/media?parent=8466"}],"wp:term":[{"taxonomy":"product_brand","embeddable":true,"href":"https:\/\/protego.md\/ro\/wp-json\/wp\/v2\/product_brand?post=8466"},{"taxonomy":"product_cat","embeddable":true,"href":"https:\/\/protego.md\/ro\/wp-json\/wp\/v2\/product_cat?post=8466"},{"taxonomy":"product_tag","embeddable":true,"href":"https:\/\/protego.md\/ro\/wp-json\/wp\/v2\/product_tag?post=8466"}],"curies":[{"name":"wp","href":"https:\/\/api.w.org\/{rel}","templated":true}]}}