{"id":8451,"date":"2025-07-09T11:47:35","date_gmt":"2025-07-09T08:47:35","guid":{"rendered":"https:\/\/protego.md\/?post_type=product&#038;p=8451"},"modified":"2026-02-10T10:56:56","modified_gmt":"2026-02-10T07:56:56","slug":"botinki-zashhitnye-fenice-sir-safety","status":"publish","type":"product","link":"https:\/\/protego.md\/ro\/product\/botinki-zashhitnye-fenice-sir-safety\/","title":{"rendered":"Bocanci de protectie FENICE SIR SAFETY"},"content":{"rendered":"","protected":false},"excerpt":{"rendered":"<p>EN ISO 20345 S3 FO LG SR<br \/>\nPapuci p\u00e2n\u0103 la glezn\u0103 cu sireturi<br \/>\nPARTEA SUPERIOAR\u0102: Piele granulat\u0103 imprimat\u0103<br \/>\nC\u0102PTU\u0218EAL\u0102: Din poliester, special conceput\u0103 pentru a asigura aerarea piciorului, reduc\u00e2nd astfel efectul transpira\u021biei.<br \/>\nV\u00c2RF: O\u021bel.<br \/>\nBRAN\u021a: Fabricat din material EVA multiperforat cu propriet\u0103\u021bi anti-\u0219oc, cu grosime variabil\u0103: 3 mm \u00een fa\u021b\u0103 \u0219i 10 mm \u00een zona c\u0103lc\u00e2iului. Antistatic.<br \/>\nTALP\u0102 INTERMEDIAR\u0102 REZISTENT\u0102 LA PERFORARE: Talp\u0103 intermediar\u0103 din o\u021bel.<br \/>\nTALP\u0102: PU\/PU. Datorit\u0103 modelului ad\u00e2nc al benzii de rulare, ofer\u0103 o trac\u021biune excelent\u0103 at\u00e2t pe teren uscat, c\u00e2t \u0219i alunecos. Designul special al t\u0103lpii<br \/>\nasigur\u0103 un efect de drenaj ridicat \u00een prezen\u021ba lichidelor. Zona central\u0103<br \/>\ncu caneluri concepute pentru a \u00eembun\u0103t\u0103\u021bi aderen\u021ba pe sc\u0103ri.<\/p>\n","protected":false},"featured_media":8459,"template":"","meta":[],"product_brand":[],"product_cat":[75,97],"product_tag":[],"class_list":{"0":"post-8451","1":"product","2":"type-product","3":"status-publish","4":"has-post-thumbnail","6":"product_cat-footwear","7":"product_cat-summer-shoes","9":"first","10":"instock","11":"shipping-taxable","12":"purchasable","13":"product-type-simple"},"acf":[],"aioseo_notices":[],"_links":{"self":[{"href":"https:\/\/protego.md\/ro\/wp-json\/wp\/v2\/product\/8451","targetHints":{"allow":["GET"]}}],"collection":[{"href":"https:\/\/protego.md\/ro\/wp-json\/wp\/v2\/product"}],"about":[{"href":"https:\/\/protego.md\/ro\/wp-json\/wp\/v2\/types\/product"}],"wp:featuredmedia":[{"embeddable":true,"href":"https:\/\/protego.md\/ro\/wp-json\/wp\/v2\/media\/8459"}],"wp:attachment":[{"href":"https:\/\/protego.md\/ro\/wp-json\/wp\/v2\/media?parent=8451"}],"wp:term":[{"taxonomy":"product_brand","embeddable":true,"href":"https:\/\/protego.md\/ro\/wp-json\/wp\/v2\/product_brand?post=8451"},{"taxonomy":"product_cat","embeddable":true,"href":"https:\/\/protego.md\/ro\/wp-json\/wp\/v2\/product_cat?post=8451"},{"taxonomy":"product_tag","embeddable":true,"href":"https:\/\/protego.md\/ro\/wp-json\/wp\/v2\/product_tag?post=8451"}],"curies":[{"name":"wp","href":"https:\/\/api.w.org\/{rel}","templated":true}]}}