{"id":8424,"date":"2025-07-07T15:41:06","date_gmt":"2025-07-07T12:41:06","guid":{"rendered":"https:\/\/protego.md\/?post_type=product&#038;p=8424"},"modified":"2026-03-02T16:59:09","modified_gmt":"2026-03-02T13:59:09","slug":"krasovki-zashhitnye-exotic-low","status":"publish","type":"product","link":"https:\/\/protego.md\/ro\/product\/krasovki-zashhitnye-exotic-low\/","title":{"rendered":"Pantofi de protectie EXOTIC LOW ultra usori"},"content":{"rendered":"","protected":false},"excerpt":{"rendered":"<p>\u00cenc\u0103l\u021b\u0103minte joas\u0103, f\u0103r\u0103 metal, cu v\u00e2rf din nano-fibr\u0103 de sticl\u0103 \u0219i talp\u0103 intermediar\u0103 NWT &#8211;<br \/>\n\u021bes\u0103tur\u0103 ne\u021besut\u0103 ultrau\u0219oar\u0103, tip PS. Echipat\u0103 cu<br \/>\nplas\u0103 \u0219i poliuretan extra-respirabil. Dispune de bran\u021buri anatomice Air-mix<br \/>\ndin EVA multi-perforat, cu propriet\u0103\u021bi anti-\u0219oc<br \/>\ncu grosime variabil\u0103: 3 mm \u00een fa\u021b\u0103 \u0219i 10 mm \u00een zona c\u0103lc\u00e2iului. Acestea ajut\u0103 la ameliorarea oboselii piciorului \u0219i, fiind interschimbabile, garanteaz\u0103 cur\u0103\u021benia \u0219i igiena. Antistatic\u0103. C\u0103ptu\u0219eala tip fagure de miere din poliester 3D-TEX cu protec\u021bie suplimentar\u0103 \u00een zona c\u0103lc\u00e2iului permite ventila\u021bia piciorului \u0219i reduce transpira\u021bia.<br \/>\nTalpa realizat\u0103 din EVA Super Foam\/CPU de ultim\u0103 genera\u021bie, un polimer ultrau\u0219or (SLP), ofer\u0103 rezisten\u021b\u0103 \u0219i elasticitate extrem\u0103.<\/p>\n<p>Caracteristici tehnice:<\/p>\n<p>&#8211; Clap\u0103 cu burduf anti-murd\u0103rie;<br \/>\n&#8211; \u00cent\u0103rire pe coroana termosudat\u0103, f\u0103r\u0103 cus\u0103turi, cu \u0219iret;<br \/>\n&#8211; V\u00e2rf nano cu profil sub\u021bire \u0219i ergonomic;<br \/>\n&#8211; \u00cent\u0103rire la v\u00e2rf pentru o durabilitate sporit\u0103 a \u00eenc\u0103l\u021b\u0103mintei;<br \/>\n&#8211; Talpa intermediar\u0103 din spum\u0103 EVA ofer\u0103 confort de lung\u0103 durat\u0103, apreciat \u00een special \u00een cazul utiliz\u0103rii prelungite.<br \/>\n&#8211; Talp\u0103 intermediar\u0103 NWT, ultra-flexibil\u0103 \u0219i u\u0219oar\u0103;<br \/>\n&#8211; Talp\u0103 exterioar\u0103 din polimer ultra-u\u0219oar\u0103.<br \/>\n[playlist type=\"video\" ids=\"8433\"]<\/p>\n","protected":false},"featured_media":8432,"template":"","meta":[],"product_brand":[],"product_cat":[75,97],"product_tag":[],"class_list":{"0":"post-8424","1":"product","2":"type-product","3":"status-publish","4":"has-post-thumbnail","6":"product_cat-footwear","7":"product_cat-summer-shoes","9":"first","10":"instock","11":"shipping-taxable","12":"purchasable","13":"product-type-variable"},"acf":[],"aioseo_notices":[],"_links":{"self":[{"href":"https:\/\/protego.md\/ro\/wp-json\/wp\/v2\/product\/8424","targetHints":{"allow":["GET"]}}],"collection":[{"href":"https:\/\/protego.md\/ro\/wp-json\/wp\/v2\/product"}],"about":[{"href":"https:\/\/protego.md\/ro\/wp-json\/wp\/v2\/types\/product"}],"wp:featuredmedia":[{"embeddable":true,"href":"https:\/\/protego.md\/ro\/wp-json\/wp\/v2\/media\/8432"}],"wp:attachment":[{"href":"https:\/\/protego.md\/ro\/wp-json\/wp\/v2\/media?parent=8424"}],"wp:term":[{"taxonomy":"product_brand","embeddable":true,"href":"https:\/\/protego.md\/ro\/wp-json\/wp\/v2\/product_brand?post=8424"},{"taxonomy":"product_cat","embeddable":true,"href":"https:\/\/protego.md\/ro\/wp-json\/wp\/v2\/product_cat?post=8424"},{"taxonomy":"product_tag","embeddable":true,"href":"https:\/\/protego.md\/ro\/wp-json\/wp\/v2\/product_tag?post=8424"}],"curies":[{"name":"wp","href":"https:\/\/api.w.org\/{rel}","templated":true}]}}