{"id":8406,"date":"2025-05-30T10:25:52","date_gmt":"2025-05-30T07:25:52","guid":{"rendered":"https:\/\/protego.md\/?post_type=product&#038;p=8406"},"modified":"2025-08-22T08:58:57","modified_gmt":"2025-08-22T05:58:57","slug":"kepka-cz-flash-yellow","status":"publish","type":"product","link":"https:\/\/protego.md\/ro\/product\/kepka-cz-flash-yellow\/","title":{"rendered":"Chipiu CZ FLASH Yellow"},"content":{"rendered":"","protected":false},"excerpt":{"rendered":"<p>\u0218apc\u0103 de baseball galben\u0103 CzFlash-Mesh cu band\u0103 reflectorizant\u0103 \u00een jurul vizierei \u0219i pe p\u0103r\u021bile laterale ale capului.<br \/>\nCaracteristici:<br \/>\n&#8211; croial\u0103 confortabil\u0103 \u0219i la mod\u0103,<br \/>\n&#8211; orificiile de ventila\u021bie \u0219i materialul tip plas\u0103 de pe p\u0103r\u021bile laterale ale \u0219epcii sporesc circula\u021bia aerului,<br \/>\n&#8211; viziera \u0219epcii este rigidizat\u0103, ceea ce asigur\u0103 un aspect constant pentru o lung\u0103 perioad\u0103 de timp<br \/>\n&#8211; m\u0103rime universal\u0103 &#8211; recomandat\u0103 56-64, poate fi ajustat\u0103 cu velcro,<br \/>\n&#8211; culoare fluorescent\u0103 \u0219i elemente reflectorizante.<\/p>\n","protected":false},"featured_media":8407,"template":"","meta":[],"product_brand":[],"product_cat":[233,96],"product_tag":[],"class_list":{"0":"post-8406","1":"product","2":"type-product","3":"status-publish","4":"has-post-thumbnail","6":"product_cat-chipiuri-caciuli","7":"product_cat-kepki","9":"first","10":"instock","11":"shipping-taxable","12":"purchasable","13":"product-type-simple"},"acf":[],"aioseo_notices":[],"_links":{"self":[{"href":"https:\/\/protego.md\/ro\/wp-json\/wp\/v2\/product\/8406","targetHints":{"allow":["GET"]}}],"collection":[{"href":"https:\/\/protego.md\/ro\/wp-json\/wp\/v2\/product"}],"about":[{"href":"https:\/\/protego.md\/ro\/wp-json\/wp\/v2\/types\/product"}],"wp:featuredmedia":[{"embeddable":true,"href":"https:\/\/protego.md\/ro\/wp-json\/wp\/v2\/media\/8407"}],"wp:attachment":[{"href":"https:\/\/protego.md\/ro\/wp-json\/wp\/v2\/media?parent=8406"}],"wp:term":[{"taxonomy":"product_brand","embeddable":true,"href":"https:\/\/protego.md\/ro\/wp-json\/wp\/v2\/product_brand?post=8406"},{"taxonomy":"product_cat","embeddable":true,"href":"https:\/\/protego.md\/ro\/wp-json\/wp\/v2\/product_cat?post=8406"},{"taxonomy":"product_tag","embeddable":true,"href":"https:\/\/protego.md\/ro\/wp-json\/wp\/v2\/product_tag?post=8406"}],"curies":[{"name":"wp","href":"https:\/\/api.w.org\/{rel}","templated":true}]}}