{"id":8364,"date":"2025-05-13T11:02:28","date_gmt":"2025-05-13T08:02:28","guid":{"rendered":"https:\/\/protego.md\/?post_type=product&#038;p=8364"},"modified":"2025-05-13T11:17:33","modified_gmt":"2025-05-13T08:17:33","slug":"sandalii-neko-outdoor-2","status":"publish","type":"product","link":"https:\/\/protego.md\/ro\/product\/sandalii-neko-outdoor-2\/","title":{"rendered":"Sandale NEKO OUTDOOR"},"content":{"rendered":"","protected":false},"excerpt":{"rendered":"<p>Sandale de agrement cu aspect modern, sportiv. Partea superioar\u0103 este confec\u021bionat\u0103 din material textil nubuc de \u00eenalt\u0103 calitate. Cus\u0103turile pe partea superioar\u0103 m\u0103resc durabilitatea \u00eenc\u0103l\u021b\u0103mintei. Finisajele elegante \u0219i cus\u0103turile fac ca \u00eenc\u0103l\u021b\u0103mintea nu numai s\u0103 fie confortabil\u0103, ci \u0219i s\u0103 aib\u0103 un aspect la mod\u0103, atractiv. Talpa din material EVA durabil, care este usoara, rezistenta la abraziune si cu uscare rapida.<\/p>\n<p>Descriere:<\/p>\n<p>material textil nubuc, cu uscare rapid\u0103 \u0219i u\u0219or de \u00eentre\u021binut,<br \/>\nreglarea curelelor cu trei curele Velcro le face mai u\u0219or de pus, iar datorit\u0103 auto-ajust\u0103rii putem ajusta optim pantoful la picior,<br \/>\nsingurul element in contact cu piciorul este din Eva cu densitate mai mica, ceea ce il face placut si moale pentru picior. Spre deosebire de alte materiale, cum ar fi pielea sau materialele asem\u0103n\u0103toare pielii, bran\u021bul este u\u0219or de p\u0103strat curat, nu exist\u0103 nicio problem\u0103 cu uscarea pe termen lung dup\u0103 contactul cu apa \u0219i deformarea dup\u0103 uscare,<br \/>\nTalpa EVA &#8211; are proprietati anti-alunecare, faciliteaza aderenta pe suprafetele umede. Talpa este u\u0219oar\u0103 \u0219i flexibil\u0103,<br \/>\n\u00eenc\u0103l\u021b\u0103minte destinat\u0103 utiliz\u0103rii \u0219i muncii de zi cu zi, precum \u0219i pentru drume\u021bii lungi de var\u0103,<br \/>\ntalp\u0103 moale care amelioreaz\u0103 presiunea piciorului &#8211; denivel\u0103rile solului nu se vor sim\u021bi.<\/p>\n","protected":false},"featured_media":8330,"template":"","meta":[],"product_brand":[],"product_cat":[75,97],"product_tag":[],"class_list":{"0":"post-8364","1":"product","2":"type-product","3":"status-publish","4":"has-post-thumbnail","6":"product_cat-footwear","7":"product_cat-summer-shoes","9":"first","10":"instock","11":"shipping-taxable","12":"purchasable","13":"product-type-variable"},"acf":[],"aioseo_notices":[],"_links":{"self":[{"href":"https:\/\/protego.md\/ro\/wp-json\/wp\/v2\/product\/8364","targetHints":{"allow":["GET"]}}],"collection":[{"href":"https:\/\/protego.md\/ro\/wp-json\/wp\/v2\/product"}],"about":[{"href":"https:\/\/protego.md\/ro\/wp-json\/wp\/v2\/types\/product"}],"wp:featuredmedia":[{"embeddable":true,"href":"https:\/\/protego.md\/ro\/wp-json\/wp\/v2\/media\/8330"}],"wp:attachment":[{"href":"https:\/\/protego.md\/ro\/wp-json\/wp\/v2\/media?parent=8364"}],"wp:term":[{"taxonomy":"product_brand","embeddable":true,"href":"https:\/\/protego.md\/ro\/wp-json\/wp\/v2\/product_brand?post=8364"},{"taxonomy":"product_cat","embeddable":true,"href":"https:\/\/protego.md\/ro\/wp-json\/wp\/v2\/product_cat?post=8364"},{"taxonomy":"product_tag","embeddable":true,"href":"https:\/\/protego.md\/ro\/wp-json\/wp\/v2\/product_tag?post=8364"}],"curies":[{"name":"wp","href":"https:\/\/api.w.org\/{rel}","templated":true}]}}