{"id":8343,"date":"2025-05-07T13:14:20","date_gmt":"2025-05-07T10:14:20","guid":{"rendered":"https:\/\/protego.md\/?post_type=product&#038;p=8343"},"modified":"2025-05-07T13:21:59","modified_gmt":"2025-05-07T10:21:59","slug":"shorty-clasic-strech-navy","status":"publish","type":"product","link":"https:\/\/protego.md\/ro\/product\/shorty-clasic-strech-navy\/","title":{"rendered":"Pantaloni scurti CLASIC STRECH NAVY"},"content":{"rendered":"","protected":false},"excerpt":{"rendered":"<p>Pantaloni scur\u021bi de protec\u021bie CLASSIC STRETCH sub\u021biri, cu un design excep\u021bional de atractiv \u0219i func\u021bionalitate perfect\u0103. Croial\u0103 confortabil\u0103 \u0219i modern\u0103 Slim se potrive\u0219te perfect corpului, f\u0103r\u0103 a restric\u021biona mi\u0219c\u0103rile, prin utilizarea unui material cu adaos de elastan. Fabricat dintr-o \u021bes\u0103tur\u0103 foarte durabil\u0103 \u0219i flexibil\u0103 compus\u0103 din: 60% bumbac \u0219i 38% poliester, 2% spandex cu un gramaj de 260 +\/- 10 g\/m\u00b2 \u0219i o \u021bes\u0103tur\u0103 puternic\u0103 \u0219i dens\u0103.<\/p>\n<p>Descriere:<\/p>\n<p>&#8211; cus\u0103turi selectate corespunz\u0103tor \u0219i direc\u021bia fibrelor \u00een dou\u0103 \u021bes\u0103turi cu caracteristici variabile ale direc\u021biilor de \u00eentindere a elastanului, ceea ce \u00eenseamn\u0103 c\u0103 pantalonii scurti sunt extensibili \u00een patru direc\u021bii,<\/p>\n<p>&#8211; cusut profesional si estetica manopera,<\/p>\n<p>&#8211; cus\u0103turi triple \u0219i numeroase cus\u0103turi solide care \u00eent\u0103resc locurile deosebit de expuse la rupere,<\/p>\n<p>&#8211; se inchide in fata cu nasture si fermoar,<\/p>\n<p>&#8211; \u00eent\u0103rituri suplimentare pentru buzunare din material poliester Oxford600D,<\/p>\n<p>&#8211; 10 buzunare func\u021bionale \u00een fa\u021b\u0103, spate \u0219i pe picioarele pantalonilor,<br \/>\n&#8211; contractie foarte scazuta &#8211; chiar si dupa spalari repetate<br \/>\n&#8211; stabilitatea culorii.<\/p>\n","protected":false},"featured_media":8344,"template":"","meta":[],"product_brand":[],"product_cat":[86,17],"product_tag":[],"class_list":{"0":"post-8343","1":"product","2":"type-product","3":"status-publish","4":"has-post-thumbnail","6":"product_cat-winter-work-pants-summer-clothing","7":"product_cat-clothing","9":"first","10":"instock","11":"shipping-taxable","12":"purchasable","13":"product-type-variable"},"acf":[],"aioseo_notices":[],"_links":{"self":[{"href":"https:\/\/protego.md\/ro\/wp-json\/wp\/v2\/product\/8343","targetHints":{"allow":["GET"]}}],"collection":[{"href":"https:\/\/protego.md\/ro\/wp-json\/wp\/v2\/product"}],"about":[{"href":"https:\/\/protego.md\/ro\/wp-json\/wp\/v2\/types\/product"}],"wp:featuredmedia":[{"embeddable":true,"href":"https:\/\/protego.md\/ro\/wp-json\/wp\/v2\/media\/8344"}],"wp:attachment":[{"href":"https:\/\/protego.md\/ro\/wp-json\/wp\/v2\/media?parent=8343"}],"wp:term":[{"taxonomy":"product_brand","embeddable":true,"href":"https:\/\/protego.md\/ro\/wp-json\/wp\/v2\/product_brand?post=8343"},{"taxonomy":"product_cat","embeddable":true,"href":"https:\/\/protego.md\/ro\/wp-json\/wp\/v2\/product_cat?post=8343"},{"taxonomy":"product_tag","embeddable":true,"href":"https:\/\/protego.md\/ro\/wp-json\/wp\/v2\/product_tag?post=8343"}],"curies":[{"name":"wp","href":"https:\/\/api.w.org\/{rel}","templated":true}]}}