{"id":8329,"date":"2025-05-07T13:04:19","date_gmt":"2025-05-07T10:04:19","guid":{"rendered":"https:\/\/protego.md\/?post_type=product&#038;p=8329"},"modified":"2026-05-06T12:58:46","modified_gmt":"2026-05-06T09:58:46","slug":"sandalii-neko-outdoor","status":"publish","type":"product","link":"https:\/\/protego.md\/ro\/product\/sandalii-neko-outdoor\/","title":{"rendered":"Sandale AVANGARDE BSN S1"},"content":{"rendered":"","protected":false},"excerpt":{"rendered":"<p>\u00cenc\u0103l\u021b\u0103minte de siguran\u021b\u0103, categoria de protec\u021bie S1 FO SR<\/p>\n<p>Sandale de siguran\u021b\u0103 Avangarde BSN S1 cu v\u00e2rf metalic. Partea superioar\u0103 este confec\u021bionat\u0103 din piele nubuck de \u00eenalt\u0103 calitate. Cus\u0103turile de pe partea superioar\u0103 m\u0103resc durabilitatea \u00eenc\u0103l\u021b\u0103mintei. Finisajele elegante din tricot din plas\u0103 fac ca \u00eenc\u0103l\u021b\u0103mintea nu numai s\u0103 fie confortabil\u0103, ci \u0219i s\u0103 aib\u0103 un aspect atr\u0103g\u0103tor \u0219i modern de strad\u0103.<\/p>\n<p>Descriere:<\/p>\n<p>&#8211; SANDALELE AVANGARDE SUNT O COMBINA\u021aIE DE SIGURAN\u021a\u0102 \u0218I DE STILUL LA MOD\u0102, SPORTIV,<\/p>\n<p>&#8211; un pantof cu v\u00e2rf de metal care asigur\u0103 protec\u021bie \u00eempotriva impactului cu energie de 200 J \u0219i \u00eempotriva compresiei sub o sarcin\u0103 de compresiune cu o for\u021b\u0103 de 15 kN;<\/p>\n<p>&#8211; legare modern\u0103 Lace-lock folosind un cordon elastic reglabil cu un opritor sert,<\/p>\n<p>&#8211; multe cus\u0103turi duble pe partea superioar\u0103 m\u0103resc durabilitatea pantofului,<\/p>\n<p>&#8211; decupaje asigur\u0103 ventila\u021bia, \u00eembun\u0103t\u0103\u021bind semnificativ confortul de utilizare,<\/p>\n<p>&#8211; talpa PU\/PU, realizata prin injectie directa,<\/p>\n<p>&#8211; partea inferioar\u0103 a t\u0103lpii protejeaz\u0103 \u00eempotriva alunec\u0103rii (SR),<\/p>\n<p>&#8211; talpa rezistenta la ulei (FO),<\/p>\n<p>&#8211; rigidizare suplimentar\u0103 pe c\u0103lc\u00e2i,<\/p>\n<p>&#8211; inser\u021bie deta\u0219abil\u0103.<\/p>\n","protected":false},"featured_media":8339,"template":"","meta":[],"product_brand":[],"product_cat":[75,97],"product_tag":[],"class_list":{"0":"post-8329","1":"product","2":"type-product","3":"status-publish","4":"has-post-thumbnail","6":"product_cat-footwear","7":"product_cat-summer-shoes","9":"first","10":"instock","11":"shipping-taxable","12":"purchasable","13":"product-type-variable"},"acf":[],"aioseo_notices":[],"_links":{"self":[{"href":"https:\/\/protego.md\/ro\/wp-json\/wp\/v2\/product\/8329","targetHints":{"allow":["GET"]}}],"collection":[{"href":"https:\/\/protego.md\/ro\/wp-json\/wp\/v2\/product"}],"about":[{"href":"https:\/\/protego.md\/ro\/wp-json\/wp\/v2\/types\/product"}],"wp:featuredmedia":[{"embeddable":true,"href":"https:\/\/protego.md\/ro\/wp-json\/wp\/v2\/media\/8339"}],"wp:attachment":[{"href":"https:\/\/protego.md\/ro\/wp-json\/wp\/v2\/media?parent=8329"}],"wp:term":[{"taxonomy":"product_brand","embeddable":true,"href":"https:\/\/protego.md\/ro\/wp-json\/wp\/v2\/product_brand?post=8329"},{"taxonomy":"product_cat","embeddable":true,"href":"https:\/\/protego.md\/ro\/wp-json\/wp\/v2\/product_cat?post=8329"},{"taxonomy":"product_tag","embeddable":true,"href":"https:\/\/protego.md\/ro\/wp-json\/wp\/v2\/product_tag?post=8329"}],"curies":[{"name":"wp","href":"https:\/\/api.w.org\/{rel}","templated":true}]}}