{"id":8291,"date":"2025-04-08T13:58:24","date_gmt":"2025-04-08T10:58:24","guid":{"rendered":"https:\/\/protego.md\/?post_type=product&#038;p=8291"},"modified":"2025-04-08T13:59:10","modified_gmt":"2025-04-08T10:59:10","slug":"shorty-korotkie-symbol-stretch-navy","status":"publish","type":"product","link":"https:\/\/protego.md\/ro\/product\/shorty-korotkie-symbol-stretch-navy\/","title":{"rendered":"Pantaloni scurti SYMBOL Stretch NAVY"},"content":{"rendered":"","protected":false},"excerpt":{"rendered":"<p>Bermude din \u021bes\u0103tur\u0103 Twill elastic periat\u0103 98% bumbac, 2% spandex;<br \/>\ngreutate 240 g\/m\u00b2, cu tratament \u00eempotriva murd\u0103riei \u0219i a apei.<br \/>\nConceput pentru a oferi libertate maxim\u0103 de mi\u0219care<\/p>\n<p>Caracteristici:<br \/>\n&#8211; Tesatura elastica pentru a oferi o completa libertate de miscare;<br \/>\n&#8211; Design modern si croiala ergonomica;<br \/>\n&#8211; Fly cu nasture si fermoar;<br \/>\n&#8211; Dou\u0103 buzunare frontale cu ornamente Oxford din poliester 500D;<br \/>\n&#8211; Dou\u0103 buzunare utilitare cu clape din poliester 500D Oxford \u0219i Velcro\u00ae<br \/>\n&#8211; Buzunar ascuns pentru rigla;<br \/>\n&#8211; Buzunar plasture din spate in dreapta pentru continerea obiectelor mici;<br \/>\n&#8211; Inser\u021bii elastice \u00een p\u0103r\u021bile laterale ale taliei pentru confort sporit \u0219i ergonomie;<br \/>\n&#8211; Bucle Oxford din poliester 500D supradimensionate pentru a distribui stresul asupra taliei atunci c\u00e2nd utiliza\u021bi curele de suport pentru scule;<br \/>\n&#8211; Inser\u021bii reflex la spate pentru o vizibilitate sporit\u0103 \u00een timpul activit\u0103\u021bilor \u00een aer liber;<br \/>\n&#8211; chinuri de armare in culoare contrastanta pentru a creste rezistenta la zonele care sunt supuse la o solicitare mai mare;<br \/>\n&#8211; Cus\u0103turi cu triple cus\u0103turi pentru a oferi mai mult\u0103 durabilitate.<\/p>\n","protected":false},"featured_media":8289,"template":"","meta":[],"product_brand":[],"product_cat":[86,17],"product_tag":[],"class_list":{"0":"post-8291","1":"product","2":"type-product","3":"status-publish","4":"has-post-thumbnail","6":"product_cat-winter-work-pants-summer-clothing","7":"product_cat-clothing","9":"first","10":"instock","11":"shipping-taxable","12":"purchasable","13":"product-type-simple"},"acf":[],"aioseo_notices":[],"_links":{"self":[{"href":"https:\/\/protego.md\/ro\/wp-json\/wp\/v2\/product\/8291","targetHints":{"allow":["GET"]}}],"collection":[{"href":"https:\/\/protego.md\/ro\/wp-json\/wp\/v2\/product"}],"about":[{"href":"https:\/\/protego.md\/ro\/wp-json\/wp\/v2\/types\/product"}],"wp:featuredmedia":[{"embeddable":true,"href":"https:\/\/protego.md\/ro\/wp-json\/wp\/v2\/media\/8289"}],"wp:attachment":[{"href":"https:\/\/protego.md\/ro\/wp-json\/wp\/v2\/media?parent=8291"}],"wp:term":[{"taxonomy":"product_brand","embeddable":true,"href":"https:\/\/protego.md\/ro\/wp-json\/wp\/v2\/product_brand?post=8291"},{"taxonomy":"product_cat","embeddable":true,"href":"https:\/\/protego.md\/ro\/wp-json\/wp\/v2\/product_cat?post=8291"},{"taxonomy":"product_tag","embeddable":true,"href":"https:\/\/protego.md\/ro\/wp-json\/wp\/v2\/product_tag?post=8291"}],"curies":[{"name":"wp","href":"https:\/\/api.w.org\/{rel}","templated":true}]}}