{"id":8271,"date":"2025-04-08T13:37:48","date_gmt":"2025-04-08T10:37:48","guid":{"rendered":"https:\/\/protego.md\/?post_type=product&#038;p=8271"},"modified":"2025-04-08T13:38:49","modified_gmt":"2025-04-08T10:38:49","slug":"batnik-big-pocket-grey","status":"publish","type":"product","link":"https:\/\/protego.md\/ro\/product\/batnik-big-pocket-grey\/","title":{"rendered":"Hanorac BIG POCKET GREY"},"content":{"rendered":"","protected":false},"excerpt":{"rendered":"<p>Hanorac din 69% bumbac \u0219i 31% poliester, \u021bes\u0103tur\u0103 din jerseu dublu de 350 g\/m\u00b2.<br \/>\nAre fermoar complet \u0219i un buzunar mare cu fermoar \u00een partea st\u00e2ng\u0103, cu profil reflex termosigilat, un suport pentru ecusoane \u0219i dou\u0103 compartimente pentru documente \u00een interior.<br \/>\nPrevazut cu buzunare joase.<\/p>\n<p>Din jerseu dublu, o \u021bes\u0103tur\u0103 foarte compact\u0103 care ofer\u0103 protec\u021bie \u00eempotriva frigului pe timp de iarn\u0103 \u0219i prospe\u021bime \u00een lunile mai calde. Nu se mic\u0219oreaz\u0103 \u00een timpul sp\u0103l\u0103rii.<\/p>\n","protected":false},"featured_media":8269,"template":"","meta":[],"product_brand":[],"product_cat":[93,17],"product_tag":[],"class_list":{"0":"post-8271","1":"product","2":"type-product","3":"status-publish","4":"has-post-thumbnail","6":"product_cat-hanorac-batnik","7":"product_cat-clothing","9":"first","10":"instock","11":"shipping-taxable","12":"purchasable","13":"product-type-simple"},"acf":[],"aioseo_notices":[],"_links":{"self":[{"href":"https:\/\/protego.md\/ro\/wp-json\/wp\/v2\/product\/8271","targetHints":{"allow":["GET"]}}],"collection":[{"href":"https:\/\/protego.md\/ro\/wp-json\/wp\/v2\/product"}],"about":[{"href":"https:\/\/protego.md\/ro\/wp-json\/wp\/v2\/types\/product"}],"wp:featuredmedia":[{"embeddable":true,"href":"https:\/\/protego.md\/ro\/wp-json\/wp\/v2\/media\/8269"}],"wp:attachment":[{"href":"https:\/\/protego.md\/ro\/wp-json\/wp\/v2\/media?parent=8271"}],"wp:term":[{"taxonomy":"product_brand","embeddable":true,"href":"https:\/\/protego.md\/ro\/wp-json\/wp\/v2\/product_brand?post=8271"},{"taxonomy":"product_cat","embeddable":true,"href":"https:\/\/protego.md\/ro\/wp-json\/wp\/v2\/product_cat?post=8271"},{"taxonomy":"product_tag","embeddable":true,"href":"https:\/\/protego.md\/ro\/wp-json\/wp\/v2\/product_tag?post=8271"}],"curies":[{"name":"wp","href":"https:\/\/api.w.org\/{rel}","templated":true}]}}