{"id":8264,"date":"2025-04-08T13:25:55","date_gmt":"2025-04-08T10:25:55","guid":{"rendered":"https:\/\/protego.md\/?post_type=product&#038;p=8264"},"modified":"2025-04-08T14:22:34","modified_gmt":"2025-04-08T11:22:34","slug":"batnik-olympic","status":"publish","type":"product","link":"https:\/\/protego.md\/ro\/product\/batnik-olympic\/","title":{"rendered":"Hanorac OLYMPIC"},"content":{"rendered":"","protected":false},"excerpt":{"rendered":"<p>Hanorac din bumbac 100%, 330 g\/m\u00b2, cu fermoar pe toat\u0103 lungimea, buzunare pentru man\u0219e \u0219i guler \u00eenalt rezistent la v\u00e2nt. Cus\u0103turi interioare care acoper\u0103 band\u0103 din material, man\u0219ete \u0219i talie elastice tricotate, cus\u0103turi cusute \u00een lan\u021b de culoare contrastant\u0103.<br \/>\n&#8211; \u00cenchidere cu fermoar pe toat\u0103 lungimea, care asigur\u0103 o mare versatilitate.<\/p>\n","protected":false},"featured_media":8265,"template":"","meta":[],"product_brand":[],"product_cat":[93,17],"product_tag":[],"class_list":{"0":"post-8264","1":"product","2":"type-product","3":"status-publish","4":"has-post-thumbnail","6":"product_cat-hanorac-batnik","7":"product_cat-clothing","9":"first","10":"instock","11":"shipping-taxable","12":"purchasable","13":"product-type-simple"},"acf":[],"aioseo_notices":[],"_links":{"self":[{"href":"https:\/\/protego.md\/ro\/wp-json\/wp\/v2\/product\/8264","targetHints":{"allow":["GET"]}}],"collection":[{"href":"https:\/\/protego.md\/ro\/wp-json\/wp\/v2\/product"}],"about":[{"href":"https:\/\/protego.md\/ro\/wp-json\/wp\/v2\/types\/product"}],"wp:featuredmedia":[{"embeddable":true,"href":"https:\/\/protego.md\/ro\/wp-json\/wp\/v2\/media\/8265"}],"wp:attachment":[{"href":"https:\/\/protego.md\/ro\/wp-json\/wp\/v2\/media?parent=8264"}],"wp:term":[{"taxonomy":"product_brand","embeddable":true,"href":"https:\/\/protego.md\/ro\/wp-json\/wp\/v2\/product_brand?post=8264"},{"taxonomy":"product_cat","embeddable":true,"href":"https:\/\/protego.md\/ro\/wp-json\/wp\/v2\/product_cat?post=8264"},{"taxonomy":"product_tag","embeddable":true,"href":"https:\/\/protego.md\/ro\/wp-json\/wp\/v2\/product_tag?post=8264"}],"curies":[{"name":"wp","href":"https:\/\/api.w.org\/{rel}","templated":true}]}}