{"id":8262,"date":"2025-04-08T13:19:19","date_gmt":"2025-04-08T10:19:19","guid":{"rendered":"https:\/\/protego.md\/?post_type=product&#038;p=8262"},"modified":"2025-07-14T11:18:05","modified_gmt":"2025-07-14T08:18:05","slug":"batnik-panama","status":"publish","type":"product","link":"https:\/\/protego.md\/ro\/product\/batnik-panama\/","title":{"rendered":"Hanorac PANAMA"},"content":{"rendered":"","protected":false},"excerpt":{"rendered":"<p>Hanorac din 50% poliester, 50% bumbac, 370 g\/m\u00b2, cu man\u0219ete elastice tricotate din \u021bes\u0103tur\u0103 mai grea (400 g\/m\u00b2). Buzunare pentru man\u0219et\u0103 cu bar\u0103 \u00eent\u0103rit\u0103, buzunar cu clap\u0103 \u0219i velcro pe bra\u021bul st\u00e2ng, buzunar la piept cu velcro \u0219i decor steag italian pe clap\u0103, inel \u00een D \u0219i suport pentru stilou, al doilea buzunar la piept cu fermoar, steagul italian pe m\u00e2neca dreapt\u0103.<\/p>\n<p>Propriet\u0103\u021bile \u021bes\u0103turii garanteaz\u0103 cel mai \u00eenalt nivel de calitate \u0219i o bun\u0103 izolare termic\u0103.<\/p>\n","protected":false},"featured_media":8263,"template":"","meta":[],"product_brand":[],"product_cat":[93,17],"product_tag":[],"class_list":{"0":"post-8262","1":"product","2":"type-product","3":"status-publish","4":"has-post-thumbnail","6":"product_cat-hanorac-batnik","7":"product_cat-clothing","9":"first","10":"instock","11":"shipping-taxable","12":"purchasable","13":"product-type-simple"},"acf":[],"aioseo_notices":[],"_links":{"self":[{"href":"https:\/\/protego.md\/ro\/wp-json\/wp\/v2\/product\/8262","targetHints":{"allow":["GET"]}}],"collection":[{"href":"https:\/\/protego.md\/ro\/wp-json\/wp\/v2\/product"}],"about":[{"href":"https:\/\/protego.md\/ro\/wp-json\/wp\/v2\/types\/product"}],"wp:featuredmedia":[{"embeddable":true,"href":"https:\/\/protego.md\/ro\/wp-json\/wp\/v2\/media\/8263"}],"wp:attachment":[{"href":"https:\/\/protego.md\/ro\/wp-json\/wp\/v2\/media?parent=8262"}],"wp:term":[{"taxonomy":"product_brand","embeddable":true,"href":"https:\/\/protego.md\/ro\/wp-json\/wp\/v2\/product_brand?post=8262"},{"taxonomy":"product_cat","embeddable":true,"href":"https:\/\/protego.md\/ro\/wp-json\/wp\/v2\/product_cat?post=8262"},{"taxonomy":"product_tag","embeddable":true,"href":"https:\/\/protego.md\/ro\/wp-json\/wp\/v2\/product_tag?post=8262"}],"curies":[{"name":"wp","href":"https:\/\/api.w.org\/{rel}","templated":true}]}}