{"id":8258,"date":"2025-04-08T13:13:05","date_gmt":"2025-04-08T10:13:05","guid":{"rendered":"https:\/\/protego.md\/?post_type=product&#038;p=8258"},"modified":"2025-07-14T09:41:41","modified_gmt":"2025-07-14T06:41:41","slug":"hanorac-sirflex-zip-grey","status":"publish","type":"product","link":"https:\/\/protego.md\/ro\/product\/hanorac-sirflex-zip-grey\/","title":{"rendered":"\u0411\u0430\u0442\u043d\u0438\u043a SIRFLEX ZIP GREY"},"content":{"rendered":"","protected":false},"excerpt":{"rendered":"<p>Hanorac din 50% bumbac-50% poliester, 280 g\/m\u00b2, guler cu fermoar \u0219i band\u0103 interioar\u0103 cu cus\u0103turi din material textil, man\u0219ete \u0219i talie elastice tricotate. Cus\u0103turi de lan\u021b \u00een culoare contrastant\u0103.<\/p>\n<p>&#8211; \u00cembr\u0103c\u0103minte multifunc\u021bional\u0103 recomandat\u0103 pentru temperaturi sc\u0103zute.<br \/>\n&#8211; Calitate superioar\u0103.<br \/>\n&#8211; Propriet\u0103\u021bi termice \u0219i func\u021bionale pentru un confort superior.<\/p>\n","protected":false},"featured_media":8260,"template":"","meta":[],"product_brand":[],"product_cat":[93,17],"product_tag":[],"class_list":{"0":"post-8258","1":"product","2":"type-product","3":"status-publish","4":"has-post-thumbnail","6":"product_cat-hanorac-batnik","7":"product_cat-clothing","9":"first","10":"instock","11":"shipping-taxable","12":"purchasable","13":"product-type-simple"},"acf":[],"aioseo_notices":[],"_links":{"self":[{"href":"https:\/\/protego.md\/ro\/wp-json\/wp\/v2\/product\/8258","targetHints":{"allow":["GET"]}}],"collection":[{"href":"https:\/\/protego.md\/ro\/wp-json\/wp\/v2\/product"}],"about":[{"href":"https:\/\/protego.md\/ro\/wp-json\/wp\/v2\/types\/product"}],"wp:featuredmedia":[{"embeddable":true,"href":"https:\/\/protego.md\/ro\/wp-json\/wp\/v2\/media\/8260"}],"wp:attachment":[{"href":"https:\/\/protego.md\/ro\/wp-json\/wp\/v2\/media?parent=8258"}],"wp:term":[{"taxonomy":"product_brand","embeddable":true,"href":"https:\/\/protego.md\/ro\/wp-json\/wp\/v2\/product_brand?post=8258"},{"taxonomy":"product_cat","embeddable":true,"href":"https:\/\/protego.md\/ro\/wp-json\/wp\/v2\/product_cat?post=8258"},{"taxonomy":"product_tag","embeddable":true,"href":"https:\/\/protego.md\/ro\/wp-json\/wp\/v2\/product_tag?post=8258"}],"curies":[{"name":"wp","href":"https:\/\/api.w.org\/{rel}","templated":true}]}}