{"id":8257,"date":"2025-04-08T12:15:40","date_gmt":"2025-04-08T09:15:40","guid":{"rendered":"https:\/\/protego.md\/?post_type=product&#038;p=8257"},"modified":"2025-04-08T13:09:56","modified_gmt":"2025-04-08T10:09:56","slug":"bryuki-zashhitnye-canvas-stretch-grey","status":"publish","type":"product","link":"https:\/\/protego.md\/ro\/product\/bryuki-zashhitnye-canvas-stretch-grey\/","title":{"rendered":"Pantaloni de protectie CANVAS STRETCH GREY"},"content":{"rendered":"","protected":false},"excerpt":{"rendered":"<p>Pantaloni de lucru rezistenti, cu buzunare multiple, din p\u00e2nz\u0103 65% poliester, 32%<br \/>\nbumbac, 3% elastan, greutate 280 g\/m\u00b2. Tesatura contrastanta din 4-way stretch 93% poliester, 7% elastan, 260 gr\/m.<\/p>\n<p>Caracteristici principale:<br \/>\n&#8211; Buton frontal ascuns;<br \/>\n&#8211; Intarituri Oxford Cordura\u00ae 500D pentru o durabilitate exceptionala;<br \/>\n&#8211; Cus\u0103turi cu triple cus\u0103turi de \u00eenalt\u0103 performan\u021b\u0103, cu bare pentru a le cre\u0219te rezisten\u021ba;<br \/>\n&#8211; Airbelt\u00ae, centur\u0103 interioar\u0103 din \u021bes\u0103tur\u0103 airmesh flexibil\u0103 pentru un plus de respirabilitate, amortizare \u0219i sus\u021binere;<br \/>\n&#8211; Picioare Ergofit, preformate, cu gusset bi-stretch \u00een crotch pentru o libertate remarcabil\u0103 de mi\u0219care \u0219i ventila\u021bie;<br \/>\n&#8211; Buzunare pentru toc u\u0219or de accesat, dou\u0103 buzunare utilitare multifunc\u021bionale, buzunar pentru telefon, buzunar pentru rigl\u0103 cu gu\u0219\u0103 \u0219i buzunar pentru dosar, dou\u0103 buzunare la spate \u00eent\u0103rite \u00een Cordura\u00ae;<br \/>\n&#8211; Buzunare utilitare cu fermoar pe coapsa;<br \/>\n&#8211; ornamente Cordura\u00ae pe buzunare;<br \/>\n&#8211; Inser\u021bii la spate la genunchi \u0219i la picioare din \u021bes\u0103tur\u0103 Bi-stretch pentru ventila\u021bie \u0219i libertate sporit\u0103 de mi\u0219care;<br \/>\n&#8211; Buzunare pentru genunchi \u00eent\u0103rite \u00een Cordura\u00ae reglabile cu velcro, cu gu\u0219\u0103 pentru o potrivire perfect\u0103;<br \/>\n&#8211; Suport detasabil pentru legitimatie;<br \/>\n&#8211; Etichete reflex pentru vizibilitate suplimentar\u0103 \u00een timpul desf\u0103\u0219ur\u0103rii activit\u0103\u021bilor \u00een aer liber;<br \/>\n&#8211; Lungime extensibila cu 4 cm prin eliberarea cusaturii din interior;<br \/>\n&#8211; Fermoare YKK\u00ae rezistente;<br \/>\n&#8211; Testat pentru substan\u021be nocive conform Oeko-Tex\u00ae<\/p>\n","protected":false},"featured_media":8255,"template":"","meta":[],"product_brand":[],"product_cat":[86,85,17],"product_tag":[],"class_list":{"0":"post-8257","1":"product","2":"type-product","3":"status-publish","4":"has-post-thumbnail","6":"product_cat-winter-work-pants-summer-clothing","7":"product_cat-winter-overalls-summer","8":"product_cat-clothing","10":"first","11":"instock","12":"shipping-taxable","13":"purchasable","14":"product-type-simple"},"acf":[],"aioseo_notices":[],"_links":{"self":[{"href":"https:\/\/protego.md\/ro\/wp-json\/wp\/v2\/product\/8257","targetHints":{"allow":["GET"]}}],"collection":[{"href":"https:\/\/protego.md\/ro\/wp-json\/wp\/v2\/product"}],"about":[{"href":"https:\/\/protego.md\/ro\/wp-json\/wp\/v2\/types\/product"}],"wp:featuredmedia":[{"embeddable":true,"href":"https:\/\/protego.md\/ro\/wp-json\/wp\/v2\/media\/8255"}],"wp:attachment":[{"href":"https:\/\/protego.md\/ro\/wp-json\/wp\/v2\/media?parent=8257"}],"wp:term":[{"taxonomy":"product_brand","embeddable":true,"href":"https:\/\/protego.md\/ro\/wp-json\/wp\/v2\/product_brand?post=8257"},{"taxonomy":"product_cat","embeddable":true,"href":"https:\/\/protego.md\/ro\/wp-json\/wp\/v2\/product_cat?post=8257"},{"taxonomy":"product_tag","embeddable":true,"href":"https:\/\/protego.md\/ro\/wp-json\/wp\/v2\/product_tag?post=8257"}],"curies":[{"name":"wp","href":"https:\/\/api.w.org\/{rel}","templated":true}]}}