{"id":8240,"date":"2025-04-08T11:58:33","date_gmt":"2025-04-08T08:58:33","guid":{"rendered":"https:\/\/protego.md\/?post_type=product&#038;p=8240"},"modified":"2025-10-24T14:12:41","modified_gmt":"2025-10-24T11:12:41","slug":"batnik-scorpion","status":"publish","type":"product","link":"https:\/\/protego.md\/ro\/product\/batnik-scorpion\/","title":{"rendered":"Hanorac SCORPION"},"content":{"rendered":"","protected":false},"excerpt":{"rendered":"<p>Jacheta-hanorac din poliester tricotat 100%, rezistenta la murdarie, foarte flexibila si<br \/>\nergonomic, combinat cu o c\u0103ptu\u0219eal\u0103 din l\u00e2n\u0103 cu o c\u0103ldur\u0103 remarcabil\u0103<br \/>\n\u0219i propriet\u0103\u021bi respirabile, greutate 440 g\/m\u00b2.<\/p>\n<p>Caracteristici:<br \/>\n&#8211; Inchidere cu fermoar central YKK\u00ae rezistenta, cu anti-incurcare si rezistenta la vant<br \/>\nclapeta interioara;<br \/>\n&#8211; Intarituri din material Softshell elastic pe zonele cele mai expuse la uzura.<br \/>\n&#8211; Buzunar la piept cu fermoar \u0219i suport pentru legitima\u021bie;<br \/>\n&#8211; Dou\u0103 buzunare pentru man\u0219on, c\u0103ptu\u0219ite cu l\u00e2n\u0103, dou\u0103 buzunare interioare, dintre care unul \u00eenchis<br \/>\ncu Velcro\u00ae;<br \/>\n&#8211; Man\u0219ete reglabile cu Velcro\u00ae;<br \/>\n&#8211; Tesatura cuplata favorizeaza mentinerea temperaturii corpului si controlul transpiratiei, pentru un echilibru perfect intre caldura si respirabilitate.<br \/>\n&#8211; Tuburi reflexe pe bra\u021bul din spate \u0219i pe umerii din spate pentru vizibilitate suplimentar\u0103 \u00een condi\u021bii de lumin\u0103 sc\u0103zut\u0103;<\/p>\n","protected":false},"featured_media":8241,"template":"","meta":[],"product_brand":[],"product_cat":[237,93,84,90,17],"product_tag":[],"class_list":{"0":"post-8240","1":"product","2":"type-product","3":"status-publish","4":"has-post-thumbnail","6":"product_cat-softshell","7":"product_cat-hanorac-batnik","8":"product_cat-winter-work-jacket-clothing","9":"product_cat-winter-work-jacket","10":"product_cat-clothing","12":"first","13":"instock","14":"shipping-taxable","15":"purchasable","16":"product-type-simple"},"acf":[],"aioseo_notices":[],"_links":{"self":[{"href":"https:\/\/protego.md\/ro\/wp-json\/wp\/v2\/product\/8240","targetHints":{"allow":["GET"]}}],"collection":[{"href":"https:\/\/protego.md\/ro\/wp-json\/wp\/v2\/product"}],"about":[{"href":"https:\/\/protego.md\/ro\/wp-json\/wp\/v2\/types\/product"}],"wp:featuredmedia":[{"embeddable":true,"href":"https:\/\/protego.md\/ro\/wp-json\/wp\/v2\/media\/8241"}],"wp:attachment":[{"href":"https:\/\/protego.md\/ro\/wp-json\/wp\/v2\/media?parent=8240"}],"wp:term":[{"taxonomy":"product_brand","embeddable":true,"href":"https:\/\/protego.md\/ro\/wp-json\/wp\/v2\/product_brand?post=8240"},{"taxonomy":"product_cat","embeddable":true,"href":"https:\/\/protego.md\/ro\/wp-json\/wp\/v2\/product_cat?post=8240"},{"taxonomy":"product_tag","embeddable":true,"href":"https:\/\/protego.md\/ro\/wp-json\/wp\/v2\/product_tag?post=8240"}],"curies":[{"name":"wp","href":"https:\/\/api.w.org\/{rel}","templated":true}]}}