{"id":8197,"date":"2025-04-08T11:19:17","date_gmt":"2025-04-08T08:19:17","guid":{"rendered":"https:\/\/protego.md\/?post_type=product&#038;p=8197"},"modified":"2025-04-08T11:25:02","modified_gmt":"2025-04-08T08:25:02","slug":"polukombinezon-symbol-100-cotton","status":"publish","type":"product","link":"https:\/\/protego.md\/ro\/product\/polukombinezon-symbol-100-cotton\/","title":{"rendered":"Semisalopeta SYMBOL 100% COTTON"},"content":{"rendered":"","protected":false},"excerpt":{"rendered":"<p>Salopete din bumbac sanforizat 100% Massaua 3\/1, greutate 270 gr\/m\u00b2. Dispune de bra\u021b cu fermoar, talie reglabil\u0103 cu nasturi, talie elastic\u0103, buzunare frontale cu cus\u0103turi \u00eent\u0103rite, buzunar din spate, buzunar drept pentru rigl\u0103, bavet\u0103 cu dou\u0103 buzunare, bretele elastice cu<br \/>\ncatarame cu inchidere rapida, baveta spate, cusaturi triple pe picior exterior si baveta<br \/>\nbuzunar.<br \/>\nCus\u0103turi \u0219i chinuri \u00een culori contrastante<br \/>\n&#8211; Bumbacul ofera moliciune, respirabilitate si rezistenta.<br \/>\n&#8211; Structura \u021bes\u0103turii \u0219i finisajele, cum ar fi cele armate<br \/>\npastile si cusaturi duble imbinate in culoare contrastanta, asigura o lunga durata<br \/>\nutilizare de durata si de inalta calitate.<\/p>\n<p>Protec\u021bie \u00eempotriva riscurilor de murd\u0103rie \u0219i ac\u021biunilor d\u0103un\u0103toare de deteriorare u\u0219oar\u0103.<\/p>\n","protected":false},"featured_media":8208,"template":"","meta":[],"product_brand":[],"product_cat":[85,17],"product_tag":[],"class_list":{"0":"post-8197","1":"product","2":"type-product","3":"status-publish","4":"has-post-thumbnail","6":"product_cat-winter-overalls-summer","7":"product_cat-clothing","9":"first","10":"instock","11":"shipping-taxable","12":"purchasable","13":"product-type-variable"},"acf":[],"aioseo_notices":[],"_links":{"self":[{"href":"https:\/\/protego.md\/ro\/wp-json\/wp\/v2\/product\/8197","targetHints":{"allow":["GET"]}}],"collection":[{"href":"https:\/\/protego.md\/ro\/wp-json\/wp\/v2\/product"}],"about":[{"href":"https:\/\/protego.md\/ro\/wp-json\/wp\/v2\/types\/product"}],"wp:featuredmedia":[{"embeddable":true,"href":"https:\/\/protego.md\/ro\/wp-json\/wp\/v2\/media\/8208"}],"wp:attachment":[{"href":"https:\/\/protego.md\/ro\/wp-json\/wp\/v2\/media?parent=8197"}],"wp:term":[{"taxonomy":"product_brand","embeddable":true,"href":"https:\/\/protego.md\/ro\/wp-json\/wp\/v2\/product_brand?post=8197"},{"taxonomy":"product_cat","embeddable":true,"href":"https:\/\/protego.md\/ro\/wp-json\/wp\/v2\/product_cat?post=8197"},{"taxonomy":"product_tag","embeddable":true,"href":"https:\/\/protego.md\/ro\/wp-json\/wp\/v2\/product_tag?post=8197"}],"curies":[{"name":"wp","href":"https:\/\/api.w.org\/{rel}","templated":true}]}}