{"id":8100,"date":"2025-03-17T17:13:14","date_gmt":"2025-03-17T14:13:14","guid":{"rendered":"https:\/\/protego.md\/?post_type=product&#038;p=8100"},"modified":"2025-03-17T17:15:49","modified_gmt":"2025-03-17T14:15:49","slug":"tufli-bsport-30-non-metal","status":"publish","type":"product","link":"https:\/\/protego.md\/ro\/product\/tufli-bsport-30-non-metal\/","title":{"rendered":"Pantofi BSPORT 3O NON METAL"},"content":{"rendered":"","protected":false},"excerpt":{"rendered":"<p>Pantof DE PROTECTIE :<br \/>\n&#8211; DESIGN ATRACTIV,<br \/>\n&#8211; Partea superioara: din piele intoarsa de vaca<br \/>\n&#8211; Culoare: culoarea gri cu inser\u021bii \u00een orange<br \/>\n&#8211; FARA BOMBEU metalic<br \/>\n&#8211; toc rigid<br \/>\n&#8211; Talp\u0103 din cauciuc \u00een dou\u0103 nuan\u021be cu un raport de aspect mai mare al frec\u0103rii,<br \/>\n  care reduc posibilitatea de alunecare.<\/p>\n<p>&#8211; calitate superioar\u0103<\/p>\n","protected":false},"featured_media":8106,"template":"","meta":[],"product_brand":[],"product_cat":[75,97],"product_tag":[],"class_list":{"0":"post-8100","1":"product","2":"type-product","3":"status-publish","4":"has-post-thumbnail","6":"product_cat-footwear","7":"product_cat-summer-shoes","9":"first","10":"instock","11":"shipping-taxable","12":"purchasable","13":"product-type-variable"},"acf":[],"aioseo_notices":[],"_links":{"self":[{"href":"https:\/\/protego.md\/ro\/wp-json\/wp\/v2\/product\/8100","targetHints":{"allow":["GET"]}}],"collection":[{"href":"https:\/\/protego.md\/ro\/wp-json\/wp\/v2\/product"}],"about":[{"href":"https:\/\/protego.md\/ro\/wp-json\/wp\/v2\/types\/product"}],"wp:featuredmedia":[{"embeddable":true,"href":"https:\/\/protego.md\/ro\/wp-json\/wp\/v2\/media\/8106"}],"wp:attachment":[{"href":"https:\/\/protego.md\/ro\/wp-json\/wp\/v2\/media?parent=8100"}],"wp:term":[{"taxonomy":"product_brand","embeddable":true,"href":"https:\/\/protego.md\/ro\/wp-json\/wp\/v2\/product_brand?post=8100"},{"taxonomy":"product_cat","embeddable":true,"href":"https:\/\/protego.md\/ro\/wp-json\/wp\/v2\/product_cat?post=8100"},{"taxonomy":"product_tag","embeddable":true,"href":"https:\/\/protego.md\/ro\/wp-json\/wp\/v2\/product_tag?post=8100"}],"curies":[{"name":"wp","href":"https:\/\/api.w.org\/{rel}","templated":true}]}}