{"id":8050,"date":"2025-02-14T12:53:37","date_gmt":"2025-02-14T09:53:37","guid":{"rendered":"https:\/\/protego.md\/?post_type=product&#038;p=8050"},"modified":"2025-02-14T12:56:34","modified_gmt":"2025-02-14T09:56:34","slug":"bryuki-zashhitnye-symbol-grey-stretch","status":"publish","type":"product","link":"https:\/\/protego.md\/ro\/product\/bryuki-zashhitnye-symbol-grey-stretch\/","title":{"rendered":"Pantaloni de protectie SYMBOL  GREY STRETCH"},"content":{"rendered":"","protected":false},"excerpt":{"rendered":"<p>Pantaloni din \u021bes\u0103tur\u0103 twill elastic\u0103 periat\u0103 97% bumbac, 3% spandex; Greutate 240 g\/m\u00b2, cu tratament hidrofug \u0219i murdar.<br \/>\nConceput pentru a oferi libertate maxim\u0103 de mi\u0219care.<\/p>\n<p>Caracteristici:<br \/>\n&#8211; \u021aes\u0103tur\u0103 elastic\u0103 pentru o libertate complet\u0103 de mi\u0219care;<br \/>\n&#8211; Design modern \u0219i croial\u0103 ergonomic\u0103;<br \/>\n&#8211; Fly cu nasture \u0219i fermoar;<br \/>\n&#8211; Dou\u0103 buzunare frontale cu ornamente Oxford din poliester 500D;<br \/>\n&#8211; Dou\u0103 buzunare utilitare cu clapete Oxford din poliester 500D \u0219i velcro\u00ae<br \/>\n&#8211; Buzunar ascuns pentru rigl\u0103;<br \/>\n&#8211; Buzunar din spate \u00een dreapta pentru a con\u021bine obiecte mici;<br \/>\n&#8211; Genunchi preforma\u021bi \u0219i inser\u021bii elastice pe p\u0103r\u021bile laterale ale taliei pentru o cre\u0219tere<br \/>\nconfort \u0219i ergonomie;<br \/>\n&#8211; Bucle Oxford supradimensionate din poliester 500D pentru a distribui<br \/>\nstres pe talie atunci c\u00e2nd utiliza\u021bi curele de suport pentru scule;<br \/>\n&#8211; Inser\u021bii reflex \u00een spate pentru vizibilitate sporit\u0103 \u00een aer liber<br \/>\nActivit\u0103\u0163i;<br \/>\n&#8211; Prinderile barei de armare \u00een culori contrastante pentru a cre\u0219te<br \/>\nrezisten\u021b\u0103 \u00een zonele care sunt supuse unui stres mai mare;<br \/>\n&#8211; Cus\u0103turi triple cusute pentru a permite o durabilitate mai mare<\/p>\n","protected":false},"featured_media":8058,"template":"","meta":[],"product_brand":[],"product_cat":[86,85,17],"product_tag":[],"class_list":{"0":"post-8050","1":"product","2":"type-product","3":"status-publish","4":"has-post-thumbnail","6":"product_cat-winter-work-pants-summer-clothing","7":"product_cat-winter-overalls-summer","8":"product_cat-clothing","10":"first","11":"instock","12":"shipping-taxable","13":"purchasable","14":"product-type-variable"},"acf":[],"aioseo_notices":[],"_links":{"self":[{"href":"https:\/\/protego.md\/ro\/wp-json\/wp\/v2\/product\/8050","targetHints":{"allow":["GET"]}}],"collection":[{"href":"https:\/\/protego.md\/ro\/wp-json\/wp\/v2\/product"}],"about":[{"href":"https:\/\/protego.md\/ro\/wp-json\/wp\/v2\/types\/product"}],"wp:featuredmedia":[{"embeddable":true,"href":"https:\/\/protego.md\/ro\/wp-json\/wp\/v2\/media\/8058"}],"wp:attachment":[{"href":"https:\/\/protego.md\/ro\/wp-json\/wp\/v2\/media?parent=8050"}],"wp:term":[{"taxonomy":"product_brand","embeddable":true,"href":"https:\/\/protego.md\/ro\/wp-json\/wp\/v2\/product_brand?post=8050"},{"taxonomy":"product_cat","embeddable":true,"href":"https:\/\/protego.md\/ro\/wp-json\/wp\/v2\/product_cat?post=8050"},{"taxonomy":"product_tag","embeddable":true,"href":"https:\/\/protego.md\/ro\/wp-json\/wp\/v2\/product_tag?post=8050"}],"curies":[{"name":"wp","href":"https:\/\/api.w.org\/{rel}","templated":true}]}}