{"id":8041,"date":"2025-02-14T12:49:22","date_gmt":"2025-02-14T09:49:22","guid":{"rendered":"https:\/\/protego.md\/?post_type=product&#038;p=8041"},"modified":"2025-02-14T12:52:42","modified_gmt":"2025-02-14T09:52:42","slug":"bryuki-zashhitnye-symbol-denim-stretch","status":"publish","type":"product","link":"https:\/\/protego.md\/ro\/product\/bryuki-zashhitnye-symbol-denim-stretch\/","title":{"rendered":"Pantaloni de protectie SYMBOL DENIM STRETCH"},"content":{"rendered":"","protected":false},"excerpt":{"rendered":"<p>Pantaloni din \u021bes\u0103tur\u0103 Denim elastic\u0103 65% bumbac, 33% poliester, 2% spandex; greutate 250 gr\/m\u00b2.<br \/>\nConceput pentru a oferi libertate maxim\u0103 de mi\u0219care<\/p>\n<p>Caracteristici:<br \/>\n&#8211; \u021aes\u0103tur\u0103 elastic\u0103 care combin\u0103 confortul bumbacului cu rezisten\u021ba poliesterului pentru a oferi o libertate complet\u0103 de mi\u0219care;<br \/>\n&#8211; Design modern \u0219i croial\u0103 ergonomic\u0103;<br \/>\n&#8211; Fly cu nasture \u0219i fermoar;<br \/>\n&#8211; Dou\u0103 buzunare frontale cu ornamente Oxford din poliester 500D;<br \/>\n&#8211; Dou\u0103 buzunare utilitare cu clapete Oxford din poliester 500D \u0219i velcro\u00ae<br \/>\n&#8211; Buzunar ascuns pentru rigl\u0103;<br \/>\n&#8211; Buzunar plasat la spate\u00een dreapta pentru a con\u021bine obiecte mici;<br \/>\n&#8211; Genunchi preforma\u021bi \u0219i inser\u021bii elastice pe p\u0103r\u021bile laterale ale taliei pentru confort \u0219i ergonomie sporite;<br \/>\n&#8211; Bucle Oxford supradimensionate din poliester 500D pentru a distribui stresul asupra taliei atunci c\u00e2nd se utilizeaz\u0103 curele de suport de scule;<br \/>\n-Inser\u021bii reflexe la spate pentru o vizibilitate sporit\u0103 \u00een timpul activit\u0103\u021bilor \u00een aer liber;<br \/>\n&#8211; Prinderi de bar\u0103 de armare \u00een culori contrastante pentru a cre\u0219te rezisten\u021ba \u00een zonele supuse unei tensiuni mai mari;<br \/>\n&#8211; Triplu stit<\/p>\n","protected":false},"featured_media":8049,"template":"","meta":[],"product_brand":[],"product_cat":[86,85,17],"product_tag":[],"class_list":{"0":"post-8041","1":"product","2":"type-product","3":"status-publish","4":"has-post-thumbnail","6":"product_cat-winter-work-pants-summer-clothing","7":"product_cat-winter-overalls-summer","8":"product_cat-clothing","10":"first","11":"instock","12":"shipping-taxable","13":"purchasable","14":"product-type-variable"},"acf":[],"aioseo_notices":[],"_links":{"self":[{"href":"https:\/\/protego.md\/ro\/wp-json\/wp\/v2\/product\/8041","targetHints":{"allow":["GET"]}}],"collection":[{"href":"https:\/\/protego.md\/ro\/wp-json\/wp\/v2\/product"}],"about":[{"href":"https:\/\/protego.md\/ro\/wp-json\/wp\/v2\/types\/product"}],"wp:featuredmedia":[{"embeddable":true,"href":"https:\/\/protego.md\/ro\/wp-json\/wp\/v2\/media\/8049"}],"wp:attachment":[{"href":"https:\/\/protego.md\/ro\/wp-json\/wp\/v2\/media?parent=8041"}],"wp:term":[{"taxonomy":"product_brand","embeddable":true,"href":"https:\/\/protego.md\/ro\/wp-json\/wp\/v2\/product_brand?post=8041"},{"taxonomy":"product_cat","embeddable":true,"href":"https:\/\/protego.md\/ro\/wp-json\/wp\/v2\/product_cat?post=8041"},{"taxonomy":"product_tag","embeddable":true,"href":"https:\/\/protego.md\/ro\/wp-json\/wp\/v2\/product_tag?post=8041"}],"curies":[{"name":"wp","href":"https:\/\/api.w.org\/{rel}","templated":true}]}}