{"id":8019,"date":"2025-02-14T12:22:17","date_gmt":"2025-02-14T09:22:17","guid":{"rendered":"https:\/\/protego.md\/?post_type=product&#038;p=8019"},"modified":"2025-02-14T12:39:45","modified_gmt":"2025-02-14T09:39:45","slug":"kostyum-s-bryukami-gemini-sir-safety","status":"publish","type":"product","link":"https:\/\/protego.md\/ro\/product\/kostyum-s-bryukami-gemini-sir-safety\/","title":{"rendered":"Costum de protectie GEMINI SIR SAFETY"},"content":{"rendered":"","protected":false},"excerpt":{"rendered":"<p>Pantaloni si jacheta din \u021bes\u0103tur\u0103 Canvas elastic\u0103, 60% bumbac, 38% poliester, 2% elastan, 260 gr\/m\u00b2, cu inser\u021bii elastice \u00een 4 direc\u021bii din 93% nailon, 7%<br \/>\nelastan, \u00eent\u0103rituri din nailon 100% Cordura 500D. Dispun\u00e2nd de \u00eenchidere cu fermoar \u0219i nasturi, dou\u0103 buzunare frontale tridimensionale, buzunare la spate, buzunar st\u00e2ng multifunc\u021bional cu suport pentru insign\u0103 ascuns, suport pentru pix \u0219i telefon mobil \u00eenchis cu clapet\u0103 \u0219i velcro, buzunar multifunc\u021bional cu bucle pentru scule \u00een dreapta.<br \/>\nBucle de curea supradimensionate, buzunare pentru genunchiere din \u021bes\u0103tur\u0103 bi-stretch, c\u0103lc\u00e2iul din \u021bes\u0103tur\u0103 rezistent\u0103 la uzur\u0103, panou pentru spate \u0219i picior din \u021bes\u0103tur\u0103 bi-stretch. Cus\u0103turi duble.<br \/>\nInser\u021bii reflectorizante pe buzunare \u0219i piciorul din spate.<\/p>\n<p>&#8211; Fabricat din \u021bes\u0103tur\u0103 de p\u00e2nz\u0103 durabil\u0103, protectoare \u0219i rezistent\u0103 la abraziune.<br \/>\n&#8211; Arm\u0103turi din nailon Cordura pe zonele cele mai expuse la uzur\u0103 (cum ar fi buzunarele genunchierelor)<\/p>\n<p>Protec\u021bie \u00eempotriva riscurilor de murd\u0103rie \u0219i a ac\u021biunilor d\u0103un\u0103toare u\u0219oare.<\/p>\n<p>Produsul a fost proiectat \u0219i fabricat pentru a respecta Regulamentul (UE) 2016\/425 \u0219i modific\u0103rile ulterioare<\/p>\n","protected":false},"featured_media":8021,"template":"","meta":[],"product_brand":[],"product_cat":[83,17],"product_tag":[],"class_list":{"0":"post-8019","1":"product","2":"type-product","3":"status-publish","4":"has-post-thumbnail","6":"product_cat-summer-clothing-2","7":"product_cat-clothing","9":"first","10":"instock","11":"shipping-taxable","12":"purchasable","13":"product-type-variable"},"acf":[],"aioseo_notices":[],"_links":{"self":[{"href":"https:\/\/protego.md\/ro\/wp-json\/wp\/v2\/product\/8019","targetHints":{"allow":["GET"]}}],"collection":[{"href":"https:\/\/protego.md\/ro\/wp-json\/wp\/v2\/product"}],"about":[{"href":"https:\/\/protego.md\/ro\/wp-json\/wp\/v2\/types\/product"}],"wp:featuredmedia":[{"embeddable":true,"href":"https:\/\/protego.md\/ro\/wp-json\/wp\/v2\/media\/8021"}],"wp:attachment":[{"href":"https:\/\/protego.md\/ro\/wp-json\/wp\/v2\/media?parent=8019"}],"wp:term":[{"taxonomy":"product_brand","embeddable":true,"href":"https:\/\/protego.md\/ro\/wp-json\/wp\/v2\/product_brand?post=8019"},{"taxonomy":"product_cat","embeddable":true,"href":"https:\/\/protego.md\/ro\/wp-json\/wp\/v2\/product_cat?post=8019"},{"taxonomy":"product_tag","embeddable":true,"href":"https:\/\/protego.md\/ro\/wp-json\/wp\/v2\/product_tag?post=8019"}],"curies":[{"name":"wp","href":"https:\/\/api.w.org\/{rel}","templated":true}]}}