{"id":7788,"date":"2024-12-17T11:56:49","date_gmt":"2024-12-17T08:56:49","guid":{"rendered":"https:\/\/protego.md\/?post_type=product&#038;p=7788"},"modified":"2026-03-02T15:56:38","modified_gmt":"2026-03-02T12:56:38","slug":"krossovki-taman-khaki","status":"publish","type":"product","link":"https:\/\/protego.md\/ro\/product\/krossovki-taman-khaki\/","title":{"rendered":"Pantofi sport TAMAN KHAKI"},"content":{"rendered":"","protected":false},"excerpt":{"rendered":"<p>TAMAN<br \/>\n\u00cenc\u0103l\u021b\u0103minte de trail versatil\u0103 \u0219i rezistent\u0103 la ap\u0103, care ofer\u0103<br \/>\ncea mai bun\u0103 combina\u021bie de aderen\u021b\u0103, confort \u0219i respirabilitate.<br \/>\nRealizat pentru a combina performan\u021ba \u00een aer liber cu un aspect<br \/>\nurban.<br \/>\nPartea superioar\u0103 Plas\u0103, TPU<br \/>\nC\u0103ptu\u0219eal\u0103 Membran\u0103, Plas\u0103<br \/>\nTalp\u0103 pentru picioare Talp\u0103 din spum\u0103 SJ<br \/>\nTalp\u0103 exterioar\u0103 Phylon\/Cauciuc<br \/>\nGama de dimensiuni EU 36-46 \/ UK 3.5-11.0 \/ US 4.0-12.0<br \/>\nJPN 22.5-30 \/ KOR 235-300<br \/>\nGreutatea e\u0219antionului 0.430 kg<\/p>\n","protected":false},"featured_media":7794,"template":"","meta":[],"product_brand":[],"product_cat":[75,97],"product_tag":[],"class_list":{"0":"post-7788","1":"product","2":"type-product","3":"status-publish","4":"has-post-thumbnail","6":"product_cat-footwear","7":"product_cat-summer-shoes","9":"first","10":"instock","11":"shipping-taxable","12":"purchasable","13":"product-type-variable"},"acf":[],"aioseo_notices":[],"_links":{"self":[{"href":"https:\/\/protego.md\/ro\/wp-json\/wp\/v2\/product\/7788","targetHints":{"allow":["GET"]}}],"collection":[{"href":"https:\/\/protego.md\/ro\/wp-json\/wp\/v2\/product"}],"about":[{"href":"https:\/\/protego.md\/ro\/wp-json\/wp\/v2\/types\/product"}],"wp:featuredmedia":[{"embeddable":true,"href":"https:\/\/protego.md\/ro\/wp-json\/wp\/v2\/media\/7794"}],"wp:attachment":[{"href":"https:\/\/protego.md\/ro\/wp-json\/wp\/v2\/media?parent=7788"}],"wp:term":[{"taxonomy":"product_brand","embeddable":true,"href":"https:\/\/protego.md\/ro\/wp-json\/wp\/v2\/product_brand?post=7788"},{"taxonomy":"product_cat","embeddable":true,"href":"https:\/\/protego.md\/ro\/wp-json\/wp\/v2\/product_cat?post=7788"},{"taxonomy":"product_tag","embeddable":true,"href":"https:\/\/protego.md\/ro\/wp-json\/wp\/v2\/product_tag?post=7788"}],"curies":[{"name":"wp","href":"https:\/\/api.w.org\/{rel}","templated":true}]}}