{"id":7659,"date":"2024-12-13T16:09:48","date_gmt":"2024-12-13T13:09:48","guid":{"rendered":"https:\/\/protego.md\/?post_type=product&#038;p=7659"},"modified":"2024-12-13T16:37:56","modified_gmt":"2024-12-13T13:37:56","slug":"kurtka-zimnyaya-clasic-win-softshell","status":"publish","type":"product","link":"https:\/\/protego.md\/ro\/product\/kurtka-zimnyaya-clasic-win-softshell\/","title":{"rendered":"Scurta de iarna CLASIV WIN SOFTSHELL"},"content":{"rendered":"","protected":false},"excerpt":{"rendered":"<p>Jachet\u0103 izolat\u0103 softshell cu design atractiv, material exterior din: 94% poliester + 6% spandex cu folie TPU, c\u0103ptu\u0219eal\u0103: 100% poliester, ofer\u0103 o protec\u021bie excelent\u0103 \u00eempotriva ploii (coloan\u0103 de ap\u0103 de 3000 mm) \u0219i v\u00e2ntului.<\/p>\n<p>Descriere:<\/p>\n<p>&#8211; jacheta are o c\u0103ptu\u0219eal\u0103 matlasat\u0103 cu izola\u021bie, a\u0219a c\u0103 va fi potrivit\u0103 \u0219i pentru iarn\u0103,<\/p>\n<p>&#8211; dungi reflectorizante pe trunchi \u0219i m\u00e2neci, pe partea din fa\u021b\u0103 \u0219i din spate a jachetei,<\/p>\n<p>&#8211; fixat cu fermoar rezistent la v\u00e2nt de \u00eenalt\u0103 calitate, acoperit cu o clap\u0103 cu velcro,<\/p>\n<p>&#8211; 4 buzunare exterioare &#8211; 2 buzunare laterale mari, 2 pe piept (1 a\u0219a-numit Napoleon), 3 cu fermoar rezistent la v\u00e2nt, 1 pe piept cu clap\u0103 prins\u0103 cu clap\u0103 \u0219i Velcro,<\/p>\n<p>&#8211; gluga detasabila si reglabila, prinsa cu Velcro pentru protectie sporita impotriva ploii si vantului,<\/p>\n<p>&#8211; finisat cu guler ridicat cu material moale la interior,<\/p>\n<p>&#8211; partea inferioar\u0103 reglabil\u0103 a jachetei cu \u0219nur cu un singur tiv &#8211; v\u0103 permite s\u0103 potrivi\u021bi jacheta la silueta,<\/p>\n<p>&#8211; maneci reglabile cu Velcro.<\/p>\n","protected":false},"featured_media":7660,"template":"","meta":[],"product_brand":[],"product_cat":[237,90,17],"product_tag":[],"class_list":{"0":"post-7659","1":"product","2":"type-product","3":"status-publish","4":"has-post-thumbnail","6":"product_cat-softshell","7":"product_cat-winter-work-jacket","8":"product_cat-clothing","10":"first","11":"instock","12":"shipping-taxable","13":"purchasable","14":"product-type-variable"},"acf":[],"aioseo_notices":[],"_links":{"self":[{"href":"https:\/\/protego.md\/ro\/wp-json\/wp\/v2\/product\/7659","targetHints":{"allow":["GET"]}}],"collection":[{"href":"https:\/\/protego.md\/ro\/wp-json\/wp\/v2\/product"}],"about":[{"href":"https:\/\/protego.md\/ro\/wp-json\/wp\/v2\/types\/product"}],"wp:featuredmedia":[{"embeddable":true,"href":"https:\/\/protego.md\/ro\/wp-json\/wp\/v2\/media\/7660"}],"wp:attachment":[{"href":"https:\/\/protego.md\/ro\/wp-json\/wp\/v2\/media?parent=7659"}],"wp:term":[{"taxonomy":"product_brand","embeddable":true,"href":"https:\/\/protego.md\/ro\/wp-json\/wp\/v2\/product_brand?post=7659"},{"taxonomy":"product_cat","embeddable":true,"href":"https:\/\/protego.md\/ro\/wp-json\/wp\/v2\/product_cat?post=7659"},{"taxonomy":"product_tag","embeddable":true,"href":"https:\/\/protego.md\/ro\/wp-json\/wp\/v2\/product_tag?post=7659"}],"curies":[{"name":"wp","href":"https:\/\/api.w.org\/{rel}","templated":true}]}}