{"id":7650,"date":"2024-12-12T14:27:36","date_gmt":"2024-12-12T11:27:36","guid":{"rendered":"https:\/\/protego.md\/?post_type=product&#038;p=7650"},"modified":"2025-10-23T13:55:05","modified_gmt":"2025-10-23T10:55:05","slug":"botinki-street-khaki","status":"publish","type":"product","link":"https:\/\/protego.md\/ro\/product\/botinki-street-khaki\/","title":{"rendered":"Papuci STREET KHAKI"},"content":{"rendered":"","protected":false},"excerpt":{"rendered":"<p>STREET<br \/>\nAdida\u0219i impermeabili, respirabili \u0219i cu un design modern pentru<br \/>\ncei care se plimb\u0103 prin ora\u0219 \u0219i pentru iubitorii de activit\u0103\u021bi \u00een aer<br \/>\nliber.<br \/>\nPartea superioar\u0103 Piele impermeabil\u0103<br \/>\nC\u0103ptu\u0219eal\u0103 3D-Plas\u0103, Membran\u0103<br \/>\nTalp\u0103 pentru picioare Talp\u0103 din spum\u0103 SJ<br \/>\nTalp\u0103 exterioar\u0103 Phylon\/Cauciuc<br \/>\nGama de dimensiuni EU 36-47 \/ UK 3.5-12.0 \/ US 4.0-13.0<br \/>\nJPN 22.5-31 \/ KOR 235-310<br \/>\nGreutatea e\u0219antionului 0.510 kg<\/p>\n","protected":false},"featured_media":7658,"template":"","meta":[],"product_brand":[],"product_cat":[98,75,97],"product_tag":[],"class_list":{"0":"post-7650","1":"product","2":"type-product","3":"status-publish","4":"has-post-thumbnail","6":"product_cat-winter-shoes","7":"product_cat-footwear","8":"product_cat-summer-shoes","10":"first","11":"instock","12":"shipping-taxable","13":"purchasable","14":"product-type-variable"},"acf":[],"aioseo_notices":[],"_links":{"self":[{"href":"https:\/\/protego.md\/ro\/wp-json\/wp\/v2\/product\/7650","targetHints":{"allow":["GET"]}}],"collection":[{"href":"https:\/\/protego.md\/ro\/wp-json\/wp\/v2\/product"}],"about":[{"href":"https:\/\/protego.md\/ro\/wp-json\/wp\/v2\/types\/product"}],"wp:featuredmedia":[{"embeddable":true,"href":"https:\/\/protego.md\/ro\/wp-json\/wp\/v2\/media\/7658"}],"wp:attachment":[{"href":"https:\/\/protego.md\/ro\/wp-json\/wp\/v2\/media?parent=7650"}],"wp:term":[{"taxonomy":"product_brand","embeddable":true,"href":"https:\/\/protego.md\/ro\/wp-json\/wp\/v2\/product_brand?post=7650"},{"taxonomy":"product_cat","embeddable":true,"href":"https:\/\/protego.md\/ro\/wp-json\/wp\/v2\/product_cat?post=7650"},{"taxonomy":"product_tag","embeddable":true,"href":"https:\/\/protego.md\/ro\/wp-json\/wp\/v2\/product_tag?post=7650"}],"curies":[{"name":"wp","href":"https:\/\/api.w.org\/{rel}","templated":true}]}}