{"id":7537,"date":"2024-09-27T14:36:40","date_gmt":"2024-09-27T11:36:40","guid":{"rendered":"https:\/\/protego.md\/?post_type=product&#038;p=7537"},"modified":"2024-09-27T14:50:22","modified_gmt":"2024-09-27T11:50:22","slug":"kurtka-zimnyaya-norway","status":"publish","type":"product","link":"https:\/\/protego.md\/ro\/product\/kurtka-zimnyaya-norway\/","title":{"rendered":"Scurta de iarna NORWAY"},"content":{"rendered":"","protected":false},"excerpt":{"rendered":"<p>Jachet\u0103 c\u0103ptu\u0219it\u0103 pentru b\u0103rba\u021bi cu c\u0103ptu\u0219eal\u0103 cu pene \u0219i glug\u0103 fix\u0103. \u00b7 Fermoar inversat asortat cu barbie.<br \/>\n\u00b7 Dou\u0103 buzunare laterale cu fermoar.<br \/>\nBorduri elastice asortate pe man\u0219ete, tiv \u0219i deschidere pentru glug\u0103.<br \/>\n\u00b7Captuseala interioara contrastanta.<br \/>\n\u00b7 \u00cembr\u0103c\u0103minte u\u0219oar\u0103 \u0219i pliabil\u0103. <\/p>\n<p>Pictograma Verificat\u0103 de Comunitate<\/p>\n","protected":false},"featured_media":7538,"template":"","meta":[],"product_brand":[],"product_cat":[90,17],"product_tag":[],"class_list":{"0":"post-7537","1":"product","2":"type-product","3":"status-publish","4":"has-post-thumbnail","6":"product_cat-winter-work-jacket","7":"product_cat-clothing","9":"first","10":"instock","11":"shipping-taxable","12":"purchasable","13":"product-type-variable"},"acf":[],"aioseo_notices":[],"_links":{"self":[{"href":"https:\/\/protego.md\/ro\/wp-json\/wp\/v2\/product\/7537","targetHints":{"allow":["GET"]}}],"collection":[{"href":"https:\/\/protego.md\/ro\/wp-json\/wp\/v2\/product"}],"about":[{"href":"https:\/\/protego.md\/ro\/wp-json\/wp\/v2\/types\/product"}],"wp:featuredmedia":[{"embeddable":true,"href":"https:\/\/protego.md\/ro\/wp-json\/wp\/v2\/media\/7538"}],"wp:attachment":[{"href":"https:\/\/protego.md\/ro\/wp-json\/wp\/v2\/media?parent=7537"}],"wp:term":[{"taxonomy":"product_brand","embeddable":true,"href":"https:\/\/protego.md\/ro\/wp-json\/wp\/v2\/product_brand?post=7537"},{"taxonomy":"product_cat","embeddable":true,"href":"https:\/\/protego.md\/ro\/wp-json\/wp\/v2\/product_cat?post=7537"},{"taxonomy":"product_tag","embeddable":true,"href":"https:\/\/protego.md\/ro\/wp-json\/wp\/v2\/product_tag?post=7537"}],"curies":[{"name":"wp","href":"https:\/\/api.w.org\/{rel}","templated":true}]}}