{"id":7418,"date":"2024-09-03T14:30:25","date_gmt":"2024-09-03T11:30:25","guid":{"rendered":"https:\/\/protego.md\/?post_type=product&#038;p=7418"},"modified":"2024-09-05T15:09:01","modified_gmt":"2024-09-05T12:09:01","slug":"batnik-levin","status":"publish","type":"product","link":"https:\/\/protego.md\/ro\/product\/batnik-levin\/","title":{"rendered":"Hanorac LEVIN"},"content":{"rendered":"","protected":false},"excerpt":{"rendered":"<p>Descriere produs<br \/>\nHanorac pentru b\u0103rba\u021bi de \u00eenalt\u0103 calitate. Fa\u021ba \u0219i spatele corpului sunt izolate cu elemente suflate, iar p\u0103r\u021bile laterale sunt din tricotaj elastic. Materialele de \u00eenalt\u0103 calitate asigur\u0103 durabilitate, confort ridicat de utilizare \u0219i nu limiteaz\u0103 libertatea de mi\u0219care. Vesta se pliaz\u0103 u\u0219or \u0219i c\u00e2nt\u0103re\u0219te foarte pu\u021bin. Acest lucru \u00eel face ideal pentru orice ocazie de c\u0103l\u0103torie sau de lucru. Purtare pe tot parcursul anului: iarna, vesta poate fi purtat\u0103 sub o jachet\u0103, iar \u00een zilele mai r\u0103coroase de prim\u0103var\u0103, toamn\u0103 \u0219i var\u0103 func\u021bioneaz\u0103 excelent ca o \u00eembr\u0103c\u0103minte de sine st\u0103t\u0103toare.<br \/>\n\u00cen plus, detaliile reflectorizante sporesc siguran\u021ba la conducere dup\u0103 \u00eentuneric.<br \/>\nCaracteristici<br \/>\n    material 1: jerseu 96% poliester + 4% elastan, material 2: material 100% poliester;<br \/>\n    se inchide cu fermoar;<br \/>\n    clap\u0103 care protejeaz\u0103 barba;<br \/>\n    are 2 buzunare laterale si 1 buzunar interior pentru documente;<br \/>\n    elemente reflectorizante pe spate;<br \/>\n    spatele alungit v\u0103 protejeaz\u0103 spatele;<br \/>\n    culoare neagr\u0103 cu inser\u021bii verzi elegante;<br \/>\n    pl\u0103cut la atingere;<br \/>\n    aplicare universal\u0103.<\/p>\n","protected":false},"featured_media":7425,"template":"","meta":[],"product_brand":[],"product_cat":[90,17],"product_tag":[],"class_list":{"0":"post-7418","1":"product","2":"type-product","3":"status-publish","4":"has-post-thumbnail","6":"product_cat-winter-work-jacket","7":"product_cat-clothing","9":"first","10":"instock","11":"shipping-taxable","12":"purchasable","13":"product-type-variable"},"acf":[],"aioseo_notices":[],"_links":{"self":[{"href":"https:\/\/protego.md\/ro\/wp-json\/wp\/v2\/product\/7418","targetHints":{"allow":["GET"]}}],"collection":[{"href":"https:\/\/protego.md\/ro\/wp-json\/wp\/v2\/product"}],"about":[{"href":"https:\/\/protego.md\/ro\/wp-json\/wp\/v2\/types\/product"}],"wp:featuredmedia":[{"embeddable":true,"href":"https:\/\/protego.md\/ro\/wp-json\/wp\/v2\/media\/7425"}],"wp:attachment":[{"href":"https:\/\/protego.md\/ro\/wp-json\/wp\/v2\/media?parent=7418"}],"wp:term":[{"taxonomy":"product_brand","embeddable":true,"href":"https:\/\/protego.md\/ro\/wp-json\/wp\/v2\/product_brand?post=7418"},{"taxonomy":"product_cat","embeddable":true,"href":"https:\/\/protego.md\/ro\/wp-json\/wp\/v2\/product_cat?post=7418"},{"taxonomy":"product_tag","embeddable":true,"href":"https:\/\/protego.md\/ro\/wp-json\/wp\/v2\/product_tag?post=7418"}],"curies":[{"name":"wp","href":"https:\/\/api.w.org\/{rel}","templated":true}]}}