{"id":7333,"date":"2024-07-15T10:32:42","date_gmt":"2024-07-15T07:32:42","guid":{"rendered":"https:\/\/protego.md\/?post_type=product&#038;p=7333"},"modified":"2024-07-15T10:48:41","modified_gmt":"2024-07-15T07:48:41","slug":"bryuki-gemini-guard-black","status":"publish","type":"product","link":"https:\/\/protego.md\/ro\/product\/bryuki-gemini-guard-black\/","title":{"rendered":"Pantaloni GEMINI  GUARD BLACK"},"content":{"rendered":"","protected":false},"excerpt":{"rendered":"<p>Pantaloni din material bi-stretch 92% nailon, 8% spandex, contrast<br \/>\n\u021bes\u0103tur\u0103 din Ripstop Stretch 57% bumbac, 40% poliester, 3% spandex<br \/>\nfundul picioarelor, inser\u021bii cationice bi-stretch din 94% poliester \u0219i 6%<br \/>\nspandex pe genunchi, 250 g\/m\u00b2.<br \/>\n\u00cenchidere cu nasturi \u0219i fermoar, buzunare frontale, buzunare din spate, bucle pentru scule la<br \/>\ntalie, suport ascuns pentru insign\u0103, c\u0103lc\u00e2i \u00eent\u0103rit \u0219i dublu<br \/>\ncus\u0103turi. Inser\u021bii reflexe pe coaps\u0103 \u0219i gambe pentru vizibilitate. Dispun\u00e2nd de tratament rezistent la ap\u0103.<\/p>\n<p>&#8211; Fabricat din material bi-stretch durabil, protector \u0219i rezistent la abraziune, care este, de asemenea, extrem de flexibil.<\/p>\n<p>Produsul a fost proiectat \u0219i fabricat pentru a se conforma<br \/>\nRegulamentul (UE) 2016\/425 \u0219i modific\u0103rile ulterioare.<\/p>\n","protected":false},"featured_media":7335,"template":"","meta":[],"product_brand":[],"product_cat":[86,85,17],"product_tag":[],"class_list":{"0":"post-7333","1":"product","2":"type-product","3":"status-publish","4":"has-post-thumbnail","6":"product_cat-winter-work-pants-summer-clothing","7":"product_cat-winter-overalls-summer","8":"product_cat-clothing","10":"first","11":"instock","12":"shipping-taxable","13":"purchasable","14":"product-type-simple"},"acf":[],"aioseo_notices":[],"_links":{"self":[{"href":"https:\/\/protego.md\/ro\/wp-json\/wp\/v2\/product\/7333","targetHints":{"allow":["GET"]}}],"collection":[{"href":"https:\/\/protego.md\/ro\/wp-json\/wp\/v2\/product"}],"about":[{"href":"https:\/\/protego.md\/ro\/wp-json\/wp\/v2\/types\/product"}],"wp:featuredmedia":[{"embeddable":true,"href":"https:\/\/protego.md\/ro\/wp-json\/wp\/v2\/media\/7335"}],"wp:attachment":[{"href":"https:\/\/protego.md\/ro\/wp-json\/wp\/v2\/media?parent=7333"}],"wp:term":[{"taxonomy":"product_brand","embeddable":true,"href":"https:\/\/protego.md\/ro\/wp-json\/wp\/v2\/product_brand?post=7333"},{"taxonomy":"product_cat","embeddable":true,"href":"https:\/\/protego.md\/ro\/wp-json\/wp\/v2\/product_cat?post=7333"},{"taxonomy":"product_tag","embeddable":true,"href":"https:\/\/protego.md\/ro\/wp-json\/wp\/v2\/product_tag?post=7333"}],"curies":[{"name":"wp","href":"https:\/\/api.w.org\/{rel}","templated":true}]}}