{"id":7232,"date":"2024-06-18T12:18:57","date_gmt":"2024-06-18T09:18:57","guid":{"rendered":"https:\/\/protego.md\/?post_type=product&#038;p=7232"},"modified":"2024-06-18T12:47:24","modified_gmt":"2024-06-18T09:47:24","slug":"zashhitnye-tufli-airflex-s3","status":"publish","type":"product","link":"https:\/\/protego.md\/ro\/product\/zashhitnye-tufli-airflex-s3\/","title":{"rendered":"Pantofi de protectie AIRFLEX S3"},"content":{"rendered":"","protected":false},"excerpt":{"rendered":"<p>MATERIAL SUPERIOR<\/p>\n<p>Materialul superior este realizat conform standardului Eco Friendly. Baza \u021bes\u0103turii este un fir de nailon foarte durabil, dar u\u0219or de mediu.<\/p>\n<p>TOCKER<\/p>\n<p>Husa de ciorap de noua generatie Tinand cont de caracteristicile anatomice ale piciorului uman, aceasta tava a fost conceputa in asa fel incat sa ofere suficient spatiu liber, prevenind disconfortul si ciupirea degetelor de la picioare la folosirea pantofilor, mai ales la sarcini intense pentru o perioada indelungata. Protejeaz\u0103 degetul de la 200 de jouli de impact. Fabricat in Italia.<\/p>\n<p>Noua talp\u0103 modern\u0103 Grip control ofer\u0103 o combina\u021bie optim\u0103 de siguran\u021b\u0103 \u0219i confort chiar \u0219i \u00een timpul utiliz\u0103rii active a pantofului.<br \/>\nStratul intermediar de poliuretan are aditivi \u00een scopuri antistatice, iar propriet\u0103\u021bile de absorb\u021bie a \u0219ocurilor absorb energie la sarcini intense.<\/p>\n<p>Stratul de alergare este o compozi\u021bie special\u0103 de TPU, care are \u0219i propriet\u0103\u021bi antistatice, iar datorit\u0103 tehnologiilor moderne, am atins greutatea optim\u0103 a t\u0103lpii, care afecteaz\u0103 direct greutatea \u00eentregului pantof.<\/p>\n","protected":false},"featured_media":7238,"template":"","meta":[],"product_brand":[],"product_cat":[75,97],"product_tag":[],"class_list":{"0":"post-7232","1":"product","2":"type-product","3":"status-publish","4":"has-post-thumbnail","6":"product_cat-footwear","7":"product_cat-summer-shoes","9":"first","10":"instock","11":"shipping-taxable","12":"purchasable","13":"product-type-variable"},"acf":[],"aioseo_notices":[],"_links":{"self":[{"href":"https:\/\/protego.md\/ro\/wp-json\/wp\/v2\/product\/7232","targetHints":{"allow":["GET"]}}],"collection":[{"href":"https:\/\/protego.md\/ro\/wp-json\/wp\/v2\/product"}],"about":[{"href":"https:\/\/protego.md\/ro\/wp-json\/wp\/v2\/types\/product"}],"wp:featuredmedia":[{"embeddable":true,"href":"https:\/\/protego.md\/ro\/wp-json\/wp\/v2\/media\/7238"}],"wp:attachment":[{"href":"https:\/\/protego.md\/ro\/wp-json\/wp\/v2\/media?parent=7232"}],"wp:term":[{"taxonomy":"product_brand","embeddable":true,"href":"https:\/\/protego.md\/ro\/wp-json\/wp\/v2\/product_brand?post=7232"},{"taxonomy":"product_cat","embeddable":true,"href":"https:\/\/protego.md\/ro\/wp-json\/wp\/v2\/product_cat?post=7232"},{"taxonomy":"product_tag","embeddable":true,"href":"https:\/\/protego.md\/ro\/wp-json\/wp\/v2\/product_tag?post=7232"}],"curies":[{"name":"wp","href":"https:\/\/api.w.org\/{rel}","templated":true}]}}