{"id":7208,"date":"2024-06-18T10:45:01","date_gmt":"2024-06-18T07:45:01","guid":{"rendered":"https:\/\/protego.md\/?post_type=product&#038;p=7208"},"modified":"2024-06-20T09:45:52","modified_gmt":"2024-06-20T06:45:52","slug":"zashhitnye-tufli-bsport-3-grey","status":"publish","type":"product","link":"https:\/\/protego.md\/ro\/product\/zashhitnye-tufli-bsport-3-grey\/","title":{"rendered":"Pantofi de protectie BSPORT 3 Grey"},"content":{"rendered":"","protected":false},"excerpt":{"rendered":"<p>Pantof DE PROTECTIE :<br \/>\n&#8211; DESIGN ATRACTIV,<br \/>\n&#8211; Partea superioara: din piele intoarsa de vaca<br \/>\n&#8211; Culoare: culoarea gri cu inser\u021bii \u00een orange<br \/>\n&#8211; BOMBEU de protectie metalic<br \/>\n&#8211; toc rigid<br \/>\n&#8211; Talp\u0103 din cauciuc \u00een dou\u0103 nuan\u021be cu un raport de aspect mai mare al frec\u0103rii,<br \/>\n  care reduc posibilitatea de alunecare.<\/p>\n<p>&#8211; calitate superioar\u0103<\/p>\n","protected":false},"featured_media":7215,"template":"","meta":[],"product_brand":[],"product_cat":[75,97],"product_tag":[],"class_list":{"0":"post-7208","1":"product","2":"type-product","3":"status-publish","4":"has-post-thumbnail","6":"product_cat-footwear","7":"product_cat-summer-shoes","9":"first","10":"instock","11":"shipping-taxable","12":"purchasable","13":"product-type-variable"},"acf":[],"aioseo_notices":[],"_links":{"self":[{"href":"https:\/\/protego.md\/ro\/wp-json\/wp\/v2\/product\/7208","targetHints":{"allow":["GET"]}}],"collection":[{"href":"https:\/\/protego.md\/ro\/wp-json\/wp\/v2\/product"}],"about":[{"href":"https:\/\/protego.md\/ro\/wp-json\/wp\/v2\/types\/product"}],"wp:featuredmedia":[{"embeddable":true,"href":"https:\/\/protego.md\/ro\/wp-json\/wp\/v2\/media\/7215"}],"wp:attachment":[{"href":"https:\/\/protego.md\/ro\/wp-json\/wp\/v2\/media?parent=7208"}],"wp:term":[{"taxonomy":"product_brand","embeddable":true,"href":"https:\/\/protego.md\/ro\/wp-json\/wp\/v2\/product_brand?post=7208"},{"taxonomy":"product_cat","embeddable":true,"href":"https:\/\/protego.md\/ro\/wp-json\/wp\/v2\/product_cat?post=7208"},{"taxonomy":"product_tag","embeddable":true,"href":"https:\/\/protego.md\/ro\/wp-json\/wp\/v2\/product_tag?post=7208"}],"curies":[{"name":"wp","href":"https:\/\/api.w.org\/{rel}","templated":true}]}}