{"id":7200,"date":"2024-06-18T10:19:30","date_gmt":"2024-06-18T07:19:30","guid":{"rendered":"https:\/\/protego.md\/?post_type=product&#038;p=7200"},"modified":"2024-06-18T10:29:20","modified_gmt":"2024-06-18T07:29:20","slug":"zashhitnye-tufli-bsport-3","status":"publish","type":"product","link":"https:\/\/protego.md\/ro\/product\/zashhitnye-tufli-bsport-3\/","title":{"rendered":"Pantofi de protectie BSPORT 3"},"content":{"rendered":"","protected":false},"excerpt":{"rendered":"<p>Pantof DE PROTECTIE :<br \/>\n&#8211; DESIGN ATRACTIV,<br \/>\n&#8211; Partea superioara: din piele intoarsa de vaca<br \/>\n&#8211; Culoare: nany blue cu inser\u021bii elegante \u00een galben<br \/>\n&#8211; BOMBEU de protectie metalic<br \/>\n&#8211; toc rigid<br \/>\n&#8211; Talp\u0103 din cauciuc \u00een dou\u0103 nuan\u021be cu un raport de aspect mai mare al frec\u0103rii,<br \/>\n  care reduc posibilitatea de alunecare.<\/p>\n<p>&#8211; calitate superioar\u0103<\/p>\n","protected":false},"featured_media":7206,"template":"","meta":[],"product_brand":[],"product_cat":[75,97],"product_tag":[],"class_list":{"0":"post-7200","1":"product","2":"type-product","3":"status-publish","4":"has-post-thumbnail","6":"product_cat-footwear","7":"product_cat-summer-shoes","9":"first","10":"instock","11":"shipping-taxable","12":"purchasable","13":"product-type-variable"},"acf":[],"aioseo_notices":[],"_links":{"self":[{"href":"https:\/\/protego.md\/ro\/wp-json\/wp\/v2\/product\/7200","targetHints":{"allow":["GET"]}}],"collection":[{"href":"https:\/\/protego.md\/ro\/wp-json\/wp\/v2\/product"}],"about":[{"href":"https:\/\/protego.md\/ro\/wp-json\/wp\/v2\/types\/product"}],"wp:featuredmedia":[{"embeddable":true,"href":"https:\/\/protego.md\/ro\/wp-json\/wp\/v2\/media\/7206"}],"wp:attachment":[{"href":"https:\/\/protego.md\/ro\/wp-json\/wp\/v2\/media?parent=7200"}],"wp:term":[{"taxonomy":"product_brand","embeddable":true,"href":"https:\/\/protego.md\/ro\/wp-json\/wp\/v2\/product_brand?post=7200"},{"taxonomy":"product_cat","embeddable":true,"href":"https:\/\/protego.md\/ro\/wp-json\/wp\/v2\/product_cat?post=7200"},{"taxonomy":"product_tag","embeddable":true,"href":"https:\/\/protego.md\/ro\/wp-json\/wp\/v2\/product_tag?post=7200"}],"curies":[{"name":"wp","href":"https:\/\/api.w.org\/{rel}","templated":true}]}}