{"id":7191,"date":"2024-06-18T10:18:06","date_gmt":"2024-06-18T07:18:06","guid":{"rendered":"https:\/\/protego.md\/?post_type=product&#038;p=7191"},"modified":"2024-06-21T12:56:38","modified_gmt":"2024-06-21T09:56:38","slug":"zashhitnye-tufli-btex-fire-g","status":"publish","type":"product","link":"https:\/\/protego.md\/ro\/product\/zashhitnye-tufli-btex-fire-g\/","title":{"rendered":"Pantofi de protectie BTEX FIRE G"},"content":{"rendered":"","protected":false},"excerpt":{"rendered":"<p>Pantofi de siguran\u021b\u0103 cu v\u00e2rf din o\u021bel, cu design modern atractiv.<br \/>\nfabricat din \u021bes\u0103tur\u0103 Fly-knit 100% poliester &#8211; \u021bes\u0103tur\u0103 puternic\u0103, mai respirabil\u0103, reduc\u00e2nd greutatea pantofilor &#8211; asigur\u0103 un confort ridicat \u0219i confort de utilizare,<br \/>\n\u00eent\u0103rirea fe\u021bei de pe v\u00e2rf \u0219i c\u0103lc\u00e2i din material PU,<br \/>\nv\u00e2rful din metal pentru a proteja utilizatorul de r\u0103nile care pot ap\u0103rea \u00een timpul func\u021bion\u0103rii. Capul din o\u021bel protejeaz\u0103 degetele utilizatorului \u00eempotriva impactului cu o energie de 200 +\/-4 J \u0219i \u00eenainte de compresie sub sarcin\u0103 de compresiune de 15 +\/-0,1 kN for\u021b\u0103,<br \/>\nTalpa PU\/PU realizata prin injectie directa,<br \/>\npartea inferioar\u0103 a t\u0103lpii protejeaz\u0103 \u00eempotriva alunec\u0103rii (SRC),<br \/>\npantofi cu \u0219ireturi.<\/p>\n","protected":false},"featured_media":7193,"template":"","meta":[],"product_brand":[],"product_cat":[75,97],"product_tag":[],"class_list":{"0":"post-7191","1":"product","2":"type-product","3":"status-publish","4":"has-post-thumbnail","6":"product_cat-footwear","7":"product_cat-summer-shoes","9":"first","10":"instock","11":"shipping-taxable","12":"purchasable","13":"product-type-variable"},"acf":[],"aioseo_notices":[],"_links":{"self":[{"href":"https:\/\/protego.md\/ro\/wp-json\/wp\/v2\/product\/7191","targetHints":{"allow":["GET"]}}],"collection":[{"href":"https:\/\/protego.md\/ro\/wp-json\/wp\/v2\/product"}],"about":[{"href":"https:\/\/protego.md\/ro\/wp-json\/wp\/v2\/types\/product"}],"wp:featuredmedia":[{"embeddable":true,"href":"https:\/\/protego.md\/ro\/wp-json\/wp\/v2\/media\/7193"}],"wp:attachment":[{"href":"https:\/\/protego.md\/ro\/wp-json\/wp\/v2\/media?parent=7191"}],"wp:term":[{"taxonomy":"product_brand","embeddable":true,"href":"https:\/\/protego.md\/ro\/wp-json\/wp\/v2\/product_brand?post=7191"},{"taxonomy":"product_cat","embeddable":true,"href":"https:\/\/protego.md\/ro\/wp-json\/wp\/v2\/product_cat?post=7191"},{"taxonomy":"product_tag","embeddable":true,"href":"https:\/\/protego.md\/ro\/wp-json\/wp\/v2\/product_tag?post=7191"}],"curies":[{"name":"wp","href":"https:\/\/api.w.org\/{rel}","templated":true}]}}