{"id":7179,"date":"2024-06-05T10:26:27","date_gmt":"2024-06-05T07:26:27","guid":{"rendered":"https:\/\/protego.md\/?post_type=product&#038;p=7179"},"modified":"2025-07-09T13:14:31","modified_gmt":"2025-07-09T10:14:31","slug":"bryuki-gemini-black","status":"publish","type":"product","link":"https:\/\/protego.md\/ro\/product\/bryuki-gemini-black\/","title":{"rendered":"Pantaloni GEMINI BLACK"},"content":{"rendered":"","protected":false},"excerpt":{"rendered":"<p>Pantaloni din material extensibil Canvas, 60% bumbac, 38% poliester, 2% elastan, 260 gr\/m\u00b2, cu inser\u021bii elastice \u00een 4 direc\u021bii din 93% nailon, 7%<br \/>\nelastan, 255 g\/m\u00b2, \u00eent\u0103rituri din 100% nailon Cordura 500D. Fly cu nasture \u0219i fermoar, buzunare tridimensionale frontale, buzunare din spate, bucle pentru suport pentru scule, suport ascuns pentru insign\u0103, buzunare extensibile pentru genunchiere, c\u0103lc\u00e2i \u00eent\u0103rit \u0219i zona genunchilor cu material anti-uzur\u0103, partea din spate din material bi-stretch, cus\u0103turi duble.<\/p>\n<p>&#8211; Fabricat din p\u00e2nz\u0103 durabil\u0103, protectoare \u0219i rezistent\u0103 la abraziune.<br \/>\n&#8211; Intarituri din nylon Cordura pe zonele cele mai expuse la uzura (cum ar fi buzunarele pentru genunchi)<\/p>\n<p>Protec\u021bie \u00eempotriva riscurilor de murd\u0103rie \u0219i a ac\u021biunilor d\u0103un\u0103toare de deteriorare u\u0219oar\u0103.<\/p>\n","protected":false},"featured_media":7181,"template":"","meta":[],"product_brand":[],"product_cat":[86,85,17],"product_tag":[],"class_list":{"0":"post-7179","1":"product","2":"type-product","3":"status-publish","4":"has-post-thumbnail","6":"product_cat-winter-work-pants-summer-clothing","7":"product_cat-winter-overalls-summer","8":"product_cat-clothing","10":"first","11":"instock","12":"shipping-taxable","13":"purchasable","14":"product-type-simple"},"acf":[],"aioseo_notices":[],"_links":{"self":[{"href":"https:\/\/protego.md\/ro\/wp-json\/wp\/v2\/product\/7179","targetHints":{"allow":["GET"]}}],"collection":[{"href":"https:\/\/protego.md\/ro\/wp-json\/wp\/v2\/product"}],"about":[{"href":"https:\/\/protego.md\/ro\/wp-json\/wp\/v2\/types\/product"}],"wp:featuredmedia":[{"embeddable":true,"href":"https:\/\/protego.md\/ro\/wp-json\/wp\/v2\/media\/7181"}],"wp:attachment":[{"href":"https:\/\/protego.md\/ro\/wp-json\/wp\/v2\/media?parent=7179"}],"wp:term":[{"taxonomy":"product_brand","embeddable":true,"href":"https:\/\/protego.md\/ro\/wp-json\/wp\/v2\/product_brand?post=7179"},{"taxonomy":"product_cat","embeddable":true,"href":"https:\/\/protego.md\/ro\/wp-json\/wp\/v2\/product_cat?post=7179"},{"taxonomy":"product_tag","embeddable":true,"href":"https:\/\/protego.md\/ro\/wp-json\/wp\/v2\/product_tag?post=7179"}],"curies":[{"name":"wp","href":"https:\/\/api.w.org\/{rel}","templated":true}]}}