{"id":7172,"date":"2024-06-05T10:19:32","date_gmt":"2024-06-05T07:19:32","guid":{"rendered":"https:\/\/protego.md\/?post_type=product&#038;p=7172"},"modified":"2025-02-14T13:06:21","modified_gmt":"2025-02-14T10:06:21","slug":"kurtka-gemini-black","status":"publish","type":"product","link":"https:\/\/protego.md\/ro\/product\/kurtka-gemini-black\/","title":{"rendered":"Jacheta GEMINI BLACK"},"content":{"rendered":"","protected":false},"excerpt":{"rendered":"<p>Jachet\u0103 din material elastic, 60% bumbac, 38% poliester, 2% elastan, greutate 260 g\/m\u00b2, cu inser\u021bii elastice \u00een 4 direc\u021bii din 93% nailon, 7% elastan, 255 g\/m\u00b2.<br \/>\n\u00cenchidere cu fermoar de \u00eenalt\u0103 tenacitate, clap\u0103 interioar\u0103 anti-\u00eencurcare \u0219i clap\u0103 rezistent\u0103 la v\u00e2nt, man\u0219ete reglabile cu velcro, buzunare multifunc\u021bionale, suport ascuns pentru insign\u0103, inser\u021bii reflectorizante pe piept \u0219i m\u00e2neci, bretele cu velcro reglabile pe laterale, inser\u021bie neagr\u0103 anti-murd\u0103rie pe antebra\u021b , material bi-stretch pe spate.<\/p>\n<p>&#8211; Fabricat din p\u00e2nz\u0103 durabil\u0103, protectoare \u0219i rezistent\u0103 la abraziune<\/p>\n<p>Protec\u021bie \u00eempotriva riscurilor de murd\u0103rie \u0219i a ac\u021biunilor d\u0103un\u0103toare de deteriorare u\u0219oar\u0103.<\/p>\n","protected":false},"featured_media":7173,"template":"","meta":[],"product_brand":[],"product_cat":[84,17],"product_tag":[],"class_list":{"0":"post-7172","1":"product","2":"type-product","3":"status-publish","4":"has-post-thumbnail","6":"product_cat-winter-work-jacket-clothing","7":"product_cat-clothing","9":"first","10":"instock","11":"shipping-taxable","12":"purchasable","13":"product-type-variable"},"acf":[],"aioseo_notices":[],"_links":{"self":[{"href":"https:\/\/protego.md\/ro\/wp-json\/wp\/v2\/product\/7172","targetHints":{"allow":["GET"]}}],"collection":[{"href":"https:\/\/protego.md\/ro\/wp-json\/wp\/v2\/product"}],"about":[{"href":"https:\/\/protego.md\/ro\/wp-json\/wp\/v2\/types\/product"}],"wp:featuredmedia":[{"embeddable":true,"href":"https:\/\/protego.md\/ro\/wp-json\/wp\/v2\/media\/7173"}],"wp:attachment":[{"href":"https:\/\/protego.md\/ro\/wp-json\/wp\/v2\/media?parent=7172"}],"wp:term":[{"taxonomy":"product_brand","embeddable":true,"href":"https:\/\/protego.md\/ro\/wp-json\/wp\/v2\/product_brand?post=7172"},{"taxonomy":"product_cat","embeddable":true,"href":"https:\/\/protego.md\/ro\/wp-json\/wp\/v2\/product_cat?post=7172"},{"taxonomy":"product_tag","embeddable":true,"href":"https:\/\/protego.md\/ro\/wp-json\/wp\/v2\/product_tag?post=7172"}],"curies":[{"name":"wp","href":"https:\/\/api.w.org\/{rel}","templated":true}]}}