{"id":7165,"date":"2024-06-05T09:56:43","date_gmt":"2024-06-05T06:56:43","guid":{"rendered":"https:\/\/protego.md\/?post_type=product&#038;p=7165"},"modified":"2024-06-05T09:56:43","modified_gmt":"2024-06-05T06:56:43","slug":"tufli-zashhitnye-ligero-s1p","status":"publish","type":"product","link":"https:\/\/protego.md\/ro\/product\/tufli-zashhitnye-ligero-s1p\/","title":{"rendered":"Pantofi Ligero S1P"},"content":{"rendered":"","protected":false},"excerpt":{"rendered":"<p>LIGERO2 S1P LOW<br \/>\nLIGERO2S1P<br \/>\nAdida\u0219i sport u\u0219ori<br \/>\nLIGERO2 S1P este unul dintre cei mai u\u0219ori pantofi de siguran\u021b\u0103<br \/>\nde pe pia\u021b\u0103, potrivit pentru aplica\u021bii u\u0219oare. Cu o supra\u00een\u0103l\u021bare<br \/>\nultrau\u0219oar\u0103 din nanocarbon \u0219i o talp\u0103 intermediar\u0103 din material<br \/>\ntextil ne\u021besut, acest pantof de siguran\u021b\u0103 ofer\u0103 protec\u021bie f\u0103r\u0103 metal.<br \/>\nDe asemenea, are o talp\u0103 antiderapant\u0103, o parte superioar\u0103<br \/>\nrespirabil\u0103 \u0219i o talp\u0103 deta\u0219abil\u0103. LIGERO2 are o potrivire larg\u0103 \u0219i<br \/>\neste confec\u021bionat din materiale robuste.<br \/>\nPartea superioar\u0103 Textile<br \/>\nC\u0103ptu\u0219eal\u0103 Plas\u0103<br \/>\nTalp\u0103 pentru picioare Talp\u0103 din spum\u0103 SJ<br \/>\nTalp\u0103 intermediar\u0103 Ne\u021besute<br \/>\nTalp\u0103 exterioar\u0103 PU<br \/>\nToecap Nano carbon<\/p>\n","protected":false},"featured_media":7166,"template":"","meta":[],"product_brand":[],"product_cat":[75,97],"product_tag":[],"class_list":{"0":"post-7165","1":"product","2":"type-product","3":"status-publish","4":"has-post-thumbnail","6":"product_cat-footwear","7":"product_cat-summer-shoes","9":"first","10":"instock","11":"shipping-taxable","12":"purchasable","13":"product-type-variable"},"acf":[],"aioseo_notices":[],"_links":{"self":[{"href":"https:\/\/protego.md\/ro\/wp-json\/wp\/v2\/product\/7165","targetHints":{"allow":["GET"]}}],"collection":[{"href":"https:\/\/protego.md\/ro\/wp-json\/wp\/v2\/product"}],"about":[{"href":"https:\/\/protego.md\/ro\/wp-json\/wp\/v2\/types\/product"}],"wp:featuredmedia":[{"embeddable":true,"href":"https:\/\/protego.md\/ro\/wp-json\/wp\/v2\/media\/7166"}],"wp:attachment":[{"href":"https:\/\/protego.md\/ro\/wp-json\/wp\/v2\/media?parent=7165"}],"wp:term":[{"taxonomy":"product_brand","embeddable":true,"href":"https:\/\/protego.md\/ro\/wp-json\/wp\/v2\/product_brand?post=7165"},{"taxonomy":"product_cat","embeddable":true,"href":"https:\/\/protego.md\/ro\/wp-json\/wp\/v2\/product_cat?post=7165"},{"taxonomy":"product_tag","embeddable":true,"href":"https:\/\/protego.md\/ro\/wp-json\/wp\/v2\/product_tag?post=7165"}],"curies":[{"name":"wp","href":"https:\/\/api.w.org\/{rel}","templated":true}]}}