{"id":7127,"date":"2024-05-23T13:46:06","date_gmt":"2024-05-23T10:46:06","guid":{"rendered":"https:\/\/protego.md\/?post_type=product&#038;p=7127"},"modified":"2024-05-23T13:59:54","modified_gmt":"2024-05-23T10:59:54","slug":"bryuki-profesional-4-dynamic","status":"publish","type":"product","link":"https:\/\/protego.md\/ro\/product\/bryuki-profesional-4-dynamic\/","title":{"rendered":"Pantaloni PROFESIONAL 4 DYNAMIC"},"content":{"rendered":"","protected":false},"excerpt":{"rendered":"<p>Pantaloni de protec\u021bie Professional4DYNAMIC, cu un design excep\u021bional de atractiv \u0219i func\u021bionalitate perfect\u0103. Croiala subtire confortabila si moderna se potriveste perfect corpului, fara limitarea miscarilor, prin utilizarea unui material cu adaos de elastan. Fabricat din \u021bes\u0103turi foarte durabile \u0219i flexibile compuse din: 60% bumbac, 38% poliester, 2% spandex &#8211; direc\u021bii de \u00eentindere \u00een 2 direc\u021bii \u0219i 95% poliester, 5% spandex &#8211; direc\u021bii de \u00eentindere \u00een 4 direc\u021bii cu un gramaj de 260 +\/- 10 gsm \u0219i o \u021bes\u0103tur\u0103 puternic\u0103 \u0219i dens\u0103.<\/p>\n<p>Descriere:<\/p>\n<p>&#8211; datorit\u0103 cus\u0103turilor selectate corespunz\u0103tor \u0219i direc\u021biei fibrelor \u00een dou\u0103 \u021bes\u0103turi cu caracteristici variabile ale direc\u021biilor de \u00eentindere a elastanului, pantalonii sunt extensibili \u00een patru direc\u021bii,<\/p>\n<p>&#8211; cusut profesional si estetica manopera,<\/p>\n<p>&#8211; se inchide cu nasture si fermoar in fata,<\/p>\n<p>&#8211; cus\u0103tur\u0103 neagr\u0103, cus\u0103turi duble \u0219i numeroase cus\u0103turi solide care \u00eent\u0103resc locurile deosebit de expuse la rupere,<\/p>\n<p>&#8211; elemente reflectorizante pe spatele \u0219i pe fa\u021b\u0103 ale pantalonilor &#8211; sporind siguran\u021ba utilizatorului,<\/p>\n<p>&#8211; multe buzunare func\u021bionale \u00eent\u0103rite cu material poliester Oxford600D, bucl\u0103 pentru ciocan. Buzunarul cu clap\u0103 este \u00eenchis cu velcro,<\/p>\n<p>&#8211; 2 buzunare pentru genunchi cu deschidere in partea de jos pentru genunchiere si inchidere cu velcro. Buzunarele sunt \u00eent\u0103rite cu \u021bes\u0103tur\u0103 din poliester Oxford 600D, care se caracterizeaz\u0103 prin durabilitate ridicat\u0103, rezisten\u021b\u0103 la abraziune \u0219i \u00eentindere, precum \u0219i rezisten\u021b\u0103 la ap\u0103,<\/p>\n<p>&#8211; sistem confortabil \u0219i practic de reglare a taliei cu band\u0103 elastic\u0103 \u0219i nasturi dubli pentru reglare suplimentar\u0103,<br \/>\n&#8211; contrac\u021bie foarte sc\u0103zut\u0103 &#8211; chiar \u0219i dup\u0103 sp\u0103l\u0103ri repetate,<br \/>\n&#8211; stabilitatea culorii.<\/p>\n<p>Culoare: negru-grafit cu inser\u021bii ro\u0219ii \u0219i elemente reflectorizante<\/p>\n","protected":false},"featured_media":7138,"template":"","meta":[],"product_brand":[],"product_cat":[86,85,17],"product_tag":[],"class_list":{"0":"post-7127","1":"product","2":"type-product","3":"status-publish","4":"has-post-thumbnail","6":"product_cat-winter-work-pants-summer-clothing","7":"product_cat-winter-overalls-summer","8":"product_cat-clothing","10":"first","11":"instock","12":"shipping-taxable","13":"purchasable","14":"product-type-variable"},"acf":[],"aioseo_notices":[],"_links":{"self":[{"href":"https:\/\/protego.md\/ro\/wp-json\/wp\/v2\/product\/7127","targetHints":{"allow":["GET"]}}],"collection":[{"href":"https:\/\/protego.md\/ro\/wp-json\/wp\/v2\/product"}],"about":[{"href":"https:\/\/protego.md\/ro\/wp-json\/wp\/v2\/types\/product"}],"wp:featuredmedia":[{"embeddable":true,"href":"https:\/\/protego.md\/ro\/wp-json\/wp\/v2\/media\/7138"}],"wp:attachment":[{"href":"https:\/\/protego.md\/ro\/wp-json\/wp\/v2\/media?parent=7127"}],"wp:term":[{"taxonomy":"product_brand","embeddable":true,"href":"https:\/\/protego.md\/ro\/wp-json\/wp\/v2\/product_brand?post=7127"},{"taxonomy":"product_cat","embeddable":true,"href":"https:\/\/protego.md\/ro\/wp-json\/wp\/v2\/product_cat?post=7127"},{"taxonomy":"product_tag","embeddable":true,"href":"https:\/\/protego.md\/ro\/wp-json\/wp\/v2\/product_tag?post=7127"}],"curies":[{"name":"wp","href":"https:\/\/api.w.org\/{rel}","templated":true}]}}