{"id":7108,"date":"2024-05-15T16:24:50","date_gmt":"2024-05-15T13:24:50","guid":{"rendered":"https:\/\/protego.md\/?post_type=product&#038;p=7108"},"modified":"2024-05-15T16:27:30","modified_gmt":"2024-05-15T13:27:30","slug":"giasco-botinki-zashhitnye-bali-s3","status":"publish","type":"product","link":"https:\/\/protego.md\/ro\/product\/giasco-botinki-zashhitnye-bali-s3\/","title":{"rendered":"GIASCO Papuci de protectie BALI S3"},"content":{"rendered":"","protected":false},"excerpt":{"rendered":"<p>BALI S3<br \/>\n3H149EV<br \/>\nCE UNI EN ISO 20345:2012 S3 SRC ESD<\/p>\n<p>Pantof de siguran\u021b\u0103 ridicat, piele WRU anti-zg\u00e2rietur\u0103 grosime 1,8-2,0 mm.<br \/>\nC\u0103ptu\u0219eal\u0103 din \u021bes\u0103tur\u0103 foarte transpirat\u0103 \u0219i rezistent\u0103 la abraziune.<br \/>\nZona c\u0103lc\u00e2iului \u00eent\u0103rit\u0103 SUPORT DE STABILITATE din PU.<br \/>\nLimb\u0103 moale, c\u0103ptu\u0219it\u0103 \u0219i c\u0103ptu\u0219it\u0103.<br \/>\nPANTOF COMPLET F\u0102R\u0102 METAL<\/p>\n<p>Pantoful satisface cerin\u021bele de rezisten\u021b\u0103 la alunecare pe acoperi\u0219uri \u00eenclinate conform UNI 11583:2015<br \/>\nTOECAP 200J compozit polimeric netermic conform EN 12568<br \/>\n\u021a\u0102S\u0102T\u0102 COMPOZIT\u0102 flexibil\u0103 antiperforare pentru talp\u0103 intermediar\u0103 conform EN 12568<br \/>\nSOLE 3HYBRID poliuretan cu trei densit\u0103\u021bi antistatic, rezistent la hidroliz\u0103 ISO 5423:92, la hidrocarburi \u0219i la abraziune, anti\u0219oc \u0219i anti-alunecare SRC<br \/>\nInser\u021bie ANTI TORSION \u00een talp\u0103 pentru a asigura stabilitate pe teren neuniform<br \/>\nBRUT 5000, extracomfort din trei materiale: transpirant, detasabil, anatomic, absorbant, ESD si antibacterian<br \/>\nIncaltamintea satisface cerinta conform normei IEC 61340-4-3:2017 (IEC 61340-5-1:2016) pentru rezistenta electrica ESD<\/p>\n<p>M\u0103rimea 36-47 Greutatea pantofului M\u0103rimea 42 gr. 550<br \/>\n* Greutatea este calculat\u0103 f\u0103r\u0103 \u0219ireturi \u0219i bran\u021b.<\/p>\n","protected":false},"featured_media":7110,"template":"","meta":[],"product_brand":[],"product_cat":[75,97],"product_tag":[],"class_list":{"0":"post-7108","1":"product","2":"type-product","3":"status-publish","4":"has-post-thumbnail","6":"product_cat-footwear","7":"product_cat-summer-shoes","9":"first","10":"instock","11":"shipping-taxable","12":"purchasable","13":"product-type-variable"},"acf":[],"aioseo_notices":[],"_links":{"self":[{"href":"https:\/\/protego.md\/ro\/wp-json\/wp\/v2\/product\/7108","targetHints":{"allow":["GET"]}}],"collection":[{"href":"https:\/\/protego.md\/ro\/wp-json\/wp\/v2\/product"}],"about":[{"href":"https:\/\/protego.md\/ro\/wp-json\/wp\/v2\/types\/product"}],"wp:featuredmedia":[{"embeddable":true,"href":"https:\/\/protego.md\/ro\/wp-json\/wp\/v2\/media\/7110"}],"wp:attachment":[{"href":"https:\/\/protego.md\/ro\/wp-json\/wp\/v2\/media?parent=7108"}],"wp:term":[{"taxonomy":"product_brand","embeddable":true,"href":"https:\/\/protego.md\/ro\/wp-json\/wp\/v2\/product_brand?post=7108"},{"taxonomy":"product_cat","embeddable":true,"href":"https:\/\/protego.md\/ro\/wp-json\/wp\/v2\/product_cat?post=7108"},{"taxonomy":"product_tag","embeddable":true,"href":"https:\/\/protego.md\/ro\/wp-json\/wp\/v2\/product_tag?post=7108"}],"curies":[{"name":"wp","href":"https:\/\/api.w.org\/{rel}","templated":true}]}}