{"id":7077,"date":"2024-05-15T16:06:42","date_gmt":"2024-05-15T13:06:42","guid":{"rendered":"https:\/\/protego.md\/?post_type=product&#038;p=7077"},"modified":"2026-02-09T20:34:24","modified_gmt":"2026-02-09T17:34:24","slug":"giasco-tufli-zashhitnye-sport-evo-s3l-fo-sr","status":"publish","type":"product","link":"https:\/\/protego.md\/ro\/product\/giasco-tufli-zashhitnye-sport-evo-s3l-fo-sr\/","title":{"rendered":"GIASCO Pantofi de protectie SPORT EVO S3L FO SR"},"content":{"rendered":"","protected":false},"excerpt":{"rendered":"<p>SPORT EVO S3L FO SR<br \/>\n3M025NG<br \/>\nCE EN ISO 20345:2022 S3L FO SR ESD<\/p>\n<p>Pantof de siguran\u021b\u0103 sc\u0103zut, \u021bes\u0103tur\u0103 tehnic\u0103 MICRO-tech grosime 1,8-2,0 mm.<br \/>\nC\u0103ptu\u0219eal\u0103 din \u021bes\u0103tur\u0103 foarte transpirat\u0103 \u0219i rezistent\u0103 la abraziune.<br \/>\nPantof cu inser\u021bie din material refractor.<br \/>\nLimb\u0103 moale c\u0103ptu\u0219it\u0103 \u0219i c\u0103ptu\u0219it\u0103.<br \/>\nPANTOF COMPLET F\u0102R\u0102 METAL<\/p>\n<p>TOECAP 200J compozit polimeric netermic conform EN 22568<br \/>\nPL MIDSOLE \u021bes\u0103tur\u0103 compozit\u0103 flexibil\u0103 antiperforare conform EN 22568<br \/>\nSOLE 3MOVE poliuretan cu trei densit\u0103\u021bi antistatic, rezistent la hidroliz\u0103 ISO 5423:92, la hidrocarburi \u0219i la abraziune, anti\u0219oc \u0219i anti-alunecare<br \/>\nInser\u021bie ANTITORSIONE \u00een talp\u0103 pentru a asigura stabilitate pe teren neuniform<br \/>\nBRUT MEMORY, bran\u021b extracomfort din trei materiale cu latex moale Memory f\u0103r\u0103 stres \u00een zona c\u0103lc\u00e2iului \u0219i \u00een punctul de \u00eendoire, rezistent la presiunea corpului.<br \/>\nTranspirant, deta\u0219abil, anatomic, absorbant, antistatic \u0219i antibacterian<br \/>\nIncaltamintea satisface cerinta conform normei IEC 61340-4-3:2017 (IEC 61340-5-1:2016) pentru rezistenta electrica ESD<br \/>\nFO rezisten\u021b\u0103 la hidrocarburi<br \/>\nTalpa SR rezistenta la alunecare<\/p>\n<p>M\u0103rimea 36-47 Greutatea pantofului M\u0103rimea 42 gr. 515<br \/>\n* Greutatea este calculat\u0103 f\u0103r\u0103 \u0219ireturi \u0219i bran\u021b.<\/p>\n","protected":false},"featured_media":7084,"template":"","meta":[],"product_brand":[],"product_cat":[75,97],"product_tag":[],"class_list":{"0":"post-7077","1":"product","2":"type-product","3":"status-publish","4":"has-post-thumbnail","6":"product_cat-footwear","7":"product_cat-summer-shoes","9":"first","10":"instock","11":"shipping-taxable","12":"purchasable","13":"product-type-variable"},"acf":[],"aioseo_notices":[],"_links":{"self":[{"href":"https:\/\/protego.md\/ro\/wp-json\/wp\/v2\/product\/7077","targetHints":{"allow":["GET"]}}],"collection":[{"href":"https:\/\/protego.md\/ro\/wp-json\/wp\/v2\/product"}],"about":[{"href":"https:\/\/protego.md\/ro\/wp-json\/wp\/v2\/types\/product"}],"wp:featuredmedia":[{"embeddable":true,"href":"https:\/\/protego.md\/ro\/wp-json\/wp\/v2\/media\/7084"}],"wp:attachment":[{"href":"https:\/\/protego.md\/ro\/wp-json\/wp\/v2\/media?parent=7077"}],"wp:term":[{"taxonomy":"product_brand","embeddable":true,"href":"https:\/\/protego.md\/ro\/wp-json\/wp\/v2\/product_brand?post=7077"},{"taxonomy":"product_cat","embeddable":true,"href":"https:\/\/protego.md\/ro\/wp-json\/wp\/v2\/product_cat?post=7077"},{"taxonomy":"product_tag","embeddable":true,"href":"https:\/\/protego.md\/ro\/wp-json\/wp\/v2\/product_tag?post=7077"}],"curies":[{"name":"wp","href":"https:\/\/api.w.org\/{rel}","templated":true}]}}