{"id":7053,"date":"2024-05-15T14:37:43","date_gmt":"2024-05-15T11:37:43","guid":{"rendered":"https:\/\/protego.md\/?post_type=product&#038;p=7053"},"modified":"2026-02-09T21:01:50","modified_gmt":"2026-02-09T18:01:50","slug":"giasco-tufli-zashhitnye-burgaz-s1p","status":"publish","type":"product","link":"https:\/\/protego.md\/ro\/product\/giasco-tufli-zashhitnye-burgaz-s1p\/","title":{"rendered":"GIASCO Pantofi de protectie BURGAZ S1P"},"content":{"rendered":"","protected":false},"excerpt":{"rendered":"<p>BURGAZ S1P<br \/>\n3H184J<br \/>\nCE UNI EN ISO 20345:2012 S1P SRC ESD<\/p>\n<p>Pantof de siguran\u021b\u0103 sc\u0103zut, \u021bes\u0103tur\u0103 tehnic\u0103 rezistent\u0103 la transpira\u021bie \u0219i abraziune \u0219i MICRO-tech grosime 1,8-2,0 mm.<br \/>\nC\u0103ptu\u0219eal\u0103 din \u021bes\u0103tur\u0103 foarte transpirat\u0103 \u0219i rezistent\u0103 la abraziune.<br \/>\nLimb\u0103 moale, c\u0103ptu\u0219it\u0103 \u0219i c\u0103ptu\u0219it\u0103.<br \/>\nPANTOF COMPLET F\u0102R\u0102 METAL<\/p>\n<p>TOECAP 200J compozit polimeric netermic conform EN 12568<br \/>\n\u021a\u0102S\u0102T\u0102 COMPOZIT\u0102 flexibil\u0103 antiperforare pentru talp\u0103 intermediar\u0103 conform EN 12568<br \/>\nSOLE 3HYBRID poliuretan cu trei densit\u0103\u021bi antistatic, rezistent la hidroliz\u0103 ISO 5423:92, la hidrocarburi \u0219i la abraziune, anti\u0219oc \u0219i anti-alunecare SRC<br \/>\nInser\u021bie ANTI TORSION \u00een talp\u0103 pentru a asigura stabilitate pe teren neuniform<br \/>\nBRUT 5000, extracomfort din trei materiale: transpirant, detasabil, anatomic, absorbant, ESD si antibacterian<br \/>\nIncaltamintea satisface cerinta conform normei IEC 61340-4-3:2017 (IEC 61340-5-1:2016) pentru rezistenta electrica ESD<\/p>\n<p>M\u0103rimea 36-47 Greutatea pantofului M\u0103rimea 42 gr. 470<br \/>\n* Greutatea este calculat\u0103 f\u0103r\u0103 \u0219ireturi \u0219i bran\u021b.<\/p>\n","protected":false},"featured_media":7055,"template":"","meta":[],"product_brand":[],"product_cat":[75,97],"product_tag":[],"class_list":{"0":"post-7053","1":"product","2":"type-product","3":"status-publish","4":"has-post-thumbnail","6":"product_cat-footwear","7":"product_cat-summer-shoes","9":"first","10":"instock","11":"shipping-taxable","12":"purchasable","13":"product-type-variable"},"acf":[],"aioseo_notices":[],"_links":{"self":[{"href":"https:\/\/protego.md\/ro\/wp-json\/wp\/v2\/product\/7053","targetHints":{"allow":["GET"]}}],"collection":[{"href":"https:\/\/protego.md\/ro\/wp-json\/wp\/v2\/product"}],"about":[{"href":"https:\/\/protego.md\/ro\/wp-json\/wp\/v2\/types\/product"}],"wp:featuredmedia":[{"embeddable":true,"href":"https:\/\/protego.md\/ro\/wp-json\/wp\/v2\/media\/7055"}],"wp:attachment":[{"href":"https:\/\/protego.md\/ro\/wp-json\/wp\/v2\/media?parent=7053"}],"wp:term":[{"taxonomy":"product_brand","embeddable":true,"href":"https:\/\/protego.md\/ro\/wp-json\/wp\/v2\/product_brand?post=7053"},{"taxonomy":"product_cat","embeddable":true,"href":"https:\/\/protego.md\/ro\/wp-json\/wp\/v2\/product_cat?post=7053"},{"taxonomy":"product_tag","embeddable":true,"href":"https:\/\/protego.md\/ro\/wp-json\/wp\/v2\/product_tag?post=7053"}],"curies":[{"name":"wp","href":"https:\/\/api.w.org\/{rel}","templated":true}]}}