{"id":6997,"date":"2024-05-09T13:34:39","date_gmt":"2024-05-09T10:34:39","guid":{"rendered":"https:\/\/protego.md\/?post_type=product&#038;p=6997"},"modified":"2026-03-06T11:08:25","modified_gmt":"2026-03-06T08:08:25","slug":"bryuki-rabochie-wurnitz-hoegert-elastic-copiaza","status":"publish","type":"product","link":"https:\/\/protego.md\/ro\/product\/bryuki-rabochie-wurnitz-hoegert-elastic-copiaza\/","title":{"rendered":"Pantaloni de lucru EDGAR HOEGERT"},"content":{"rendered":"","protected":false},"excerpt":{"rendered":"<p>Pantaloni de protec\u021bie pentru b\u0103rba\u021bi din grafit realizati cu grij\u0103. Materialele de \u00eenalt\u0103 calitate \u0219i o \u021bes\u0103tur\u0103 str\u00e2ns\u0103 asigur\u0103 durabilitate \u0219i confort ridicat de utilizare. Echipament individual de protec\u021bie \u2013 clasa I. Pantalonii sunt conforme cu standardul de ergonomie, desemnare a m\u0103rimii \u0219i inocuitate \u2013 EN ISO 340.<br \/>\nCaracteristic\u0103<\/p>\n<p>     material textil flexibil pentru mi\u0219care nerestric\u021bionat\u0103;<br \/>\n     picioare deta\u0219abile;<br \/>\n     pantaloni de protec\u021bie cu \u021bes\u0103tur\u0103 puternic\u0103 \u0219i str\u00e2ns\u0103, 270 g\/m\u00b2;<br \/>\n     Captuseala de ranforsare Oxford 600D;<br \/>\n     material: 97% bumbac, 3% Spandex;<br \/>\n     Buzunare pentru genunchi fixate cu velcro;<br \/>\n     5 buzunare:<br \/>\n     \u2014 2 buzunare ad\u00e2nci \u00een talie;<br \/>\n     \u2014 1 buzunar cargo;<br \/>\n     \u2014 2 buzunare robuste la spate cu clape cu velcro;<br \/>\n     gri cu accente negre;<br \/>\n     accente de \u00eenalt\u0103 vizibilitate fa\u021b\u0103 \u0219i spate;<br \/>\n     reglare lateral\u0103 cu band\u0103 elastic\u0103;<\/p>\n","protected":false},"featured_media":7004,"template":"","meta":[],"product_brand":[],"product_cat":[86,85,17],"product_tag":[],"class_list":{"0":"post-6997","1":"product","2":"type-product","3":"status-publish","4":"has-post-thumbnail","6":"product_cat-winter-work-pants-summer-clothing","7":"product_cat-winter-overalls-summer","8":"product_cat-clothing","10":"first","11":"instock","12":"shipping-taxable","13":"purchasable","14":"product-type-variable"},"acf":[],"aioseo_notices":[],"_links":{"self":[{"href":"https:\/\/protego.md\/ro\/wp-json\/wp\/v2\/product\/6997","targetHints":{"allow":["GET"]}}],"collection":[{"href":"https:\/\/protego.md\/ro\/wp-json\/wp\/v2\/product"}],"about":[{"href":"https:\/\/protego.md\/ro\/wp-json\/wp\/v2\/types\/product"}],"wp:featuredmedia":[{"embeddable":true,"href":"https:\/\/protego.md\/ro\/wp-json\/wp\/v2\/media\/7004"}],"wp:attachment":[{"href":"https:\/\/protego.md\/ro\/wp-json\/wp\/v2\/media?parent=6997"}],"wp:term":[{"taxonomy":"product_brand","embeddable":true,"href":"https:\/\/protego.md\/ro\/wp-json\/wp\/v2\/product_brand?post=6997"},{"taxonomy":"product_cat","embeddable":true,"href":"https:\/\/protego.md\/ro\/wp-json\/wp\/v2\/product_cat?post=6997"},{"taxonomy":"product_tag","embeddable":true,"href":"https:\/\/protego.md\/ro\/wp-json\/wp\/v2\/product_tag?post=6997"}],"curies":[{"name":"wp","href":"https:\/\/api.w.org\/{rel}","templated":true}]}}